{"id":1211,"date":"2018-05-23T12:22:40","date_gmt":"2018-05-23T11:22:40","guid":{"rendered":"https:\/\/the7.io\/small-store\/?page_id=1211"},"modified":"2023-11-08T17:16:28","modified_gmt":"2023-11-08T15:16:28","slug":"terms-and-conditons","status":"publish","type":"page","link":"https:\/\/lanadiniere.ro\/index.php\/terms-and-conditons\/","title":{"rendered":"Termeni \u0219i condi\u021bii."},"content":{"rendered":"<p>Acest site este \u00een concordan\u021b\u0103 cu Regulamentul 2016\/679\/UE privind protec\u021bia persoanelor fizice \u00een ceea ce prive\u0219te prelucrarea datelor cu caracter personal.<\/p>\n<ol>\n<li><strong> Firma<\/strong><\/li>\n<\/ol>\n<p>Site-ul\u00a0<strong>www.lanadiniere.ro<\/strong>\u00a0este administrat \u0219i de\u021binut de\u00a0<strong>S.C. LA NADINIERE SRL<\/strong>\u00a0\u00eenregistrat la Registrul Comer\u021bului cu <strong>J20\/397\/2020 <\/strong>\u0219i Codul Unic de \u00cenregistrare Fiscal\u0103 RO<strong>42481058<\/strong>, sediul social \u00een PETROSANI, HUNEDOARA, STR.1 DECEMBRIE 1918 BL.71\/1,SC.1,ET.3,AP.12 .<\/p>\n<ol start=\"2\">\n<li><strong> Detalii despre produse \u0219i pre\u021b<\/strong><\/li>\n<\/ol>\n<p>Firma noastr\u0103 comercializeaz\u0103 doar produse de patisserie, facute de la zero in laboratorul nostru de productie. Se pune accent foarte mare pe calitatea ingredientelor din produsul final, livrat c\u0103tre client. Toate produsele ad\u0103ugate pe site, \u00een magazinul nostru online, au imagini reale \u0219i informa\u021bii utile, astfel \u00eenc\u00e2t clientul s\u0103 \u00ee\u0219i poate face o imagine a produsului ales pentru comand\u0103.<\/p>\n<ul>\n<li>Pre\u021burile includ TVA<\/li>\n<li>Pre\u021burile nu includ taxa de transport;<\/li>\n<li>\u00cen cazul \u00een care nu putem onora comanda, ne oblig\u0103m s\u0103 informam cump\u0103r\u0103torul \u00een cel mai scurt timp posibil de la primirea comenzii \u00een sistem.<\/li>\n<\/ul>\n<p><strong><em>Not\u0103: Culorile produselor comandate pot diferi u\u0219or \u00een func\u021bie de monitorul\/browserul dumneavoastr\u0103.<\/em><\/strong><\/p>\n<ol start=\"3\">\n<li><strong> Metode de efectuare a comenzilor<\/strong><\/li>\n<\/ol>\n<p>Online, pe site-ul\u00a0<a href=\"http:\/\/www.lanadiniere.ro\"><strong>www.lanadiniere.ro<\/strong><\/a><\/p>\n<ul>\n<li>Ad\u0103uga\u021bi produsele \u00een co\u0219;<\/li>\n<li>Modifica\u021bi cantitatea produselor dac\u0103 este necesar;<\/li>\n<li>\u00cen urm\u0103torul pas va trebui s\u0103 completa\u021bi metoda de livrare, datele de facturare\/ livrare, metoda de plat\u0103. (nume \u0219i prenume, telefon, localitate, jude\u021b, strada, nr, bl, et \u0219i alte detalii utile pentru livrare)<\/li>\n<\/ul>\n<p><strong><em>Not\u0103: Este necesar s\u0103 furniza\u021bi cu aten\u021bie datele de livrare complete, c\u00e2t \u0219i cele de facturare!<\/em><\/strong><\/p>\n<ol start=\"4\">\n<li><strong> Termenul de realizare al comenzilor<\/strong><\/li>\n<\/ol>\n<p>Termenul de realizare al comenzilor este de 24h-48h.<\/p>\n<ol start=\"5\">\n<li><strong> Anulare comand\u0103<\/strong><\/li>\n<\/ol>\n<p>\u00cen cazul \u00een care a\u021bi plasat o comand\u0103 pe site \u0219i dori\u021bi anularea ei, va rugam sa ne contacta\u021bi la:<\/p>\n<ul>\n<li>e-mail lanadiniere@gmail.com<\/li>\n<li>telefon\u00a0<a href=\"http:\/\/0738021828\" data-wplink-url-error=\"true\"><strong>0738021828<\/strong><\/a><\/li>\n<\/ul>\n<p>preciz\u00e2nd dorin\u021ba dumneavoastr\u0103 de anulare, \u00eenso\u021bit\u0103 de num\u0103rul de comand\u0103 primit prin e-mail \u00een momentul comenzii.<\/p>\n<ol start=\"6\">\n<li><strong> Politica de retur<\/strong><\/li>\n<\/ol>\n<p><strong>Produsele predate personal \u00een Cluj se pot verifica \u0219i returna \u00een momentul pred\u0103rii. Considerand natura perisabila a produselor, nu acceptam returnarea lor din momentul in care au fost inmanate clientului.\u00a0 <\/strong><\/p>\n<ol start=\"7\">\n<li><strong> Modalit\u0103\u021bi de plat\u0103<\/strong><\/li>\n<\/ol>\n<ul>\n<li>Plata cu cardul bancar online, pe site.<\/li>\n<\/ul>\n<p>Cump\u0103r\u0103torul este obligat s\u0103 ne furnizeze absolut toate datele necesare pentru a emite factura: Nume si prenume, E-mail, Adresa complet\u0103, Nr. telefon<\/p>\n<p><em>Not\u0103: Datele furnizate nu vor fi folosite \u00een alte scopuri (ex: spam), ci doar pentru a livra coletul \u0219i de a factura comanda.<\/em><\/p>\n<ol start=\"8\">\n<li><strong> Informa\u021bii despre transport<\/strong><\/li>\n<\/ol>\n<ul>\n<li>Ridicare personal\u0103 de pe <strong>str.Izei nr.2,Cluj-Napoca<\/strong><\/li>\n<li>Livrare contra-cost \u00een Cluj-Napoca sau Floresti<\/li>\n<\/ul>\n<ul>\n<li><strong>9. Drepturile \u0219i obliga\u021biile v\u00e2nz\u0103torului SC LA NADINIERE SRL<\/strong><\/li>\n<\/ul>\n<ul>\n<li><strong>SC LA NADINIERE SRL<\/strong> se oblig\u0103 s\u0103 trimit\u0103 comanda dumneavoastr\u0103 in timpul specificat, prin metoda specificata, la adresa men\u021bionat\u0103 in comand\u0103.<\/li>\n<li>Pagina de\u00a0<a href=\"https:\/\/lanadiniere.ro\/index.php\/terms-and-conditons\/\">Termeni \u0219i Condi\u021bii<\/a>\u00a0poate suferi modific\u0103ri ulterioare, f\u0103r\u0103 a-i anun\u021ba \u00een prealabil pe utilizatori.<\/li>\n<li>Vom aproba comentariile \u0219i recenziile pe site doar \u00een urma unor verific\u0103ri.<\/li>\n<li>Conturile care fac abuz vor fi suspendate.<\/li>\n<li>Comenzile rezultate \u00een urma unor erori ap\u0103rute pe site, vor fi refuzate \u0219i \u00eenso\u021bite de un e-mail l\u0103muritor trimis c\u0103tre cump\u0103r\u0103tor.<\/li>\n<li>Nu divulgam detaliile contului creat pe site! Vom p\u0103stra datele dumneavoastr\u0103 confiden\u021biale pentru o perioad\u0103 de timp nedeterminat\u0103.<\/li>\n<li>Ne asigur\u0103m c\u0103 ambalarea produselor comandate sa fie f\u0103cut\u0103 cu stricte\u021be astfel \u00eenc\u00e2t s\u0103 nu existe defec\u021biuni \u00een urma transportului.<\/li>\n<li>\u00cen cazul lipsei conformit\u0103\u021bii, consumatorul are dreptul de a solicita v\u00e2nz\u0103torului s\u0103 i se aduc\u0103 produsul la conformitate, f\u0103r\u0103 plat\u0103, prin reparare sau \u00eenlocuire, sau s\u0103 beneficieze de reducerea corespunz\u0103toare a pre\u021bului ori de rezolu\u021biunea contractului privind acest produs.<\/li>\n<\/ul>\n<ol start=\"10\">\n<li><strong> Drepturile \u0219i obliga\u021biile cump\u0103r\u0103torului de la SC LA NADINIERE SRL <\/strong><\/li>\n<\/ol>\n<ul>\n<li>Cump\u0103r\u0103torul are obliga\u021bia de a pl\u0103ti pre\u021bul impus de v\u00e2nz\u0103tor, \u00een timpul stabilit.<\/li>\n<li>Cump\u0103r\u0103torul are obliga\u021bia s\u0103 ridice comanda de la laboartorul nostru, la data SPECIFICATA IN SECTIUNEA CHECK-OUT. Comanda nu se poate ridica in alta zi.<\/li>\n<li>Cump\u0103r\u0103torul are obliga\u021bia de a pl\u0103ti transportul.<\/li>\n<li>Cump\u0103r\u0103torul\u00a0<strong>NU<\/strong>\u00a0trebuie sa \u00eenstr\u0103ineze contul \/ parola de pe site.<\/li>\n<li>Contul cump\u0103r\u0103torului poate fi modificat sau \u0219ters (f\u0103r\u0103 un motiv anume), \u00een urma contactului cu v\u00e2nz\u0103torul prin metodele de la punctul 5<\/li>\n<li>Cump\u0103r\u0103torul este obligat s\u0103 furnizeze date reale \u0219i complete de facturare \u0219i livrare, \u00een caz contrar comanda nu va fi expediat\u0103.<\/li>\n<li>Cump\u0103r\u0103torul are dreptul de a <strong>verifica \u0219i returna produsele \u00een momentul pred\u0103rii. Considerand natura perisabila a produselor, nu acceptam returnarea lor din momentul in care au fost inmanate clientului.\u00a0 <\/strong><\/li>\n<li><\/li>\n<li><strong>11. Limitarea responsabilit\u0103\u021bii firmei<\/strong><\/li>\n<\/ul>\n<ul>\n<li>Nu ne asum\u0103m r\u0103spunderea pentru eventuale probleme tehnice cu site-ul, nefunc\u021bionare sau informa\u021bii eronate.<\/li>\n<li>Nu ne asum\u0103m r\u0103spunderea pentru pierderea datelor dac\u0103 utilizatorul \u0219i-a f\u0103cut publice datele confiden\u021biale ale contului.<\/li>\n<li>Nu vom trimite comanda cump\u0103r\u0103torului dac\u0103 acesta nu ne furnizeaz\u0103 detaliile complete de livrare \u0219i facturare.<\/li>\n<li>Nu ne asum\u0103m r\u0103spunderea pentru deteriorarea produsului dup\u0103 ce acesta a fost livrat.<\/li>\n<\/ul>\n<ol start=\"12\">\n<li><strong> Acceptarea regulamentului<\/strong><\/li>\n<\/ol>\n<p>Folosirea site-ului\u00a0<strong>www.lanadiniere.ro<\/strong>\u00a0numit in continuare\u00a0<strong>SC LA NADINIERE SRL<\/strong>, a paginilor web, a datelor, a informa\u021biilor, a textului \u0219i a imaginilor sau a oric\u0103ror altor materiale din site ce sunt denumite toate laolalt\u0103 \u201econ\u021binut\u201d, confirm\u0103 liberul consim\u021b\u0103m\u00e2nt al utilizatorilor de a accepta, in totalitate, termenii si condi\u021biile site-ului\u00a0<strong>www.lanadiniere.ro<\/strong><\/p>\n<p>Ne rezervam dreptul de a face schimb\u0103ri pe pagina de termenii si condi\u021bii a acestui site. Folosirea \u00een continuare a site-ului dup\u0103 modific\u0103ri, reprezint\u0103 implicit acordul dumneavoastr\u0103. cu privire la noile schimb\u0103ri efectuate de c\u0103tre\u00a0<strong>SC LA NADINIERE SRL<\/strong>. \u00centregul con\u021binut al site-ului\u00a0<a href=\"http:\/\/www.lanadiniere.ro\"><strong>www.lanadiniere.ro<\/strong><\/a> este proprietatea Operatorului \u0219i este aparat de legea pentru protec\u021bia drepturilor de autor (Legea nr.8\/1996) cu complet\u0103rile ulterioare. Folosirea, f\u0103r\u0103 acordul Operatorului, a oric\u0103ror elemente enumerate mai sus, se pedepse\u0219te \u00een conformitate cu legile \u00een vigoare. Fotografiile \u0219i datele prezentate de c\u0103tre Operator sunt folosite cu acordul Furnizorilor.<\/p>\n<ol start=\"13\">\n<li><strong> Litigii<\/strong><\/li>\n<\/ol>\n<p>Termenii \u0219i condi\u021biile de folosire se supun legisla\u021biei rom\u00e2ne. \u00cen caz de litigiu, se va \u00eencerca mai \u00eent\u00e2i o rezolvare pe cale amiabil\u0103, \u00een termen de 30 de zile lucr\u0103toare de la \u00eenregistrarea reclama\u021biei prin metodele specificate la punctul 5. \u00cen cazul \u00een care nu se poate ajunge la o \u00een\u021belegere \u00een termenul precizat anterior, va fi considerat\u0103 competent\u0103 instan\u021ba judec\u0103toreasc\u0103 din aceea\u0219i structura administrativ\u0103 cu sediul\u00a0<strong>SC LA NADINIERE SRL. <\/strong><\/p>\n","protected":false},"excerpt":{"rendered":"<p>Acest site este \u00een concordan\u021b\u0103 cu Regulamentul 2016\/679\/UE privind protec\u021bia persoanelor fizice \u00een ceea ce prive\u0219te prelucrarea datelor cu caracter personal. Firma Site-ul\u00a0www.lanadiniere.ro\u00a0este administrat \u0219i de\u021binut de\u00a0S.C. LA NADINIERE SRL\u00a0\u00eenregistrat la Registrul Comer\u021bului cu J20\/397\/2020 \u0219i Codul Unic de \u00cenregistrare Fiscal\u0103 RO42481058, sediul social \u00een PETROSANI, HUNEDOARA, STR.1 DECEMBRIE 1918 BL.71\/1,SC.1,ET.3,AP.12 . Detalii despre produse&hellip;<\/p>\n","protected":false},"author":1,"featured_media":0,"parent":0,"menu_order":0,"comment_status":"closed","ping_status":"closed","template":"","meta":{"footnotes":""},"class_list":["post-1211","page","type-page","status-publish","hentry","description-off"],"jetpack_sharing_enabled":true,"_links":{"self":[{"href":"https:\/\/lanadiniere.ro\/index.php\/wp-json\/wp\/v2\/pages\/1211","targetHints":{"allow":["GET"]}}],"collection":[{"href":"https:\/\/lanadiniere.ro\/index.php\/wp-json\/wp\/v2\/pages"}],"about":[{"href":"https:\/\/lanadiniere.ro\/index.php\/wp-json\/wp\/v2\/types\/page"}],"author":[{"embeddable":true,"href":"https:\/\/lanadiniere.ro\/index.php\/wp-json\/wp\/v2\/users\/1"}],"replies":[{"embeddable":true,"href":"https:\/\/lanadiniere.ro\/index.php\/wp-json\/wp\/v2\/comments?post=1211"}],"version-history":[{"count":5,"href":"https:\/\/lanadiniere.ro\/index.php\/wp-json\/wp\/v2\/pages\/1211\/revisions"}],"predecessor-version":[{"id":3678,"href":"https:\/\/lanadiniere.ro\/index.php\/wp-json\/wp\/v2\/pages\/1211\/revisions\/3678"}],"wp:attachment":[{"href":"https:\/\/lanadiniere.ro\/index.php\/wp-json\/wp\/v2\/media?parent=1211"}],"curies":[{"name":"wp","href":"https:\/\/api.w.org\/{rel}","templated":true}]}}