{"id":1322,"date":"2021-12-03T14:43:05","date_gmt":"2021-12-03T12:43:05","guid":{"rendered":"https:\/\/test7.bitup.ro\/?post_type=product&#038;p=1322"},"modified":"2026-04-16T09:08:32","modified_gmt":"2026-04-16T07:08:32","slug":"babka-alune-de-padure-ciocolata-belgiana","status":"publish","type":"product","link":"https:\/\/lanadiniere.ro\/index.php\/product\/babka-alune-de-padure-ciocolata-belgiana\/","title":{"rendered":"COZONAC BABKA ALUNE DE PADURE &#038; CIOCOLAT\u0102 BELGIAN\u0102"},"content":{"rendered":"<p>Pentru c\u0103 iubim ceea ce facem, am creat special pentru voi, un cozonac delicat, inspirat din vechile re\u021bete fran\u021buze\u0219ti. Este vorba despre un aluat pufos, bogat \u00een unt Flechard &#8211; ALUAT FRENCH BRIOCHE- , \u00eentregit de umpluturi delicioase care s\u0103 v\u0103 bucure inimile Cr\u0103ciunul acesta. Fie c\u0103 e\u0219ti iubitor de fistic, alune de p\u0103dure, nuc\u0103, mac sau vi\u0219ine acri\u0219oare, La Nadiniere este aici s\u0103 satisfac\u0103 toate gusturile. V\u0103 a\u0219tept\u0103m cu drag!<\/p>\n<p>&nbsp;<\/p>\n<p><strong>BABKA ALUNE DE PADURE &amp; CIOCOLAT\u0102 BELGIAN\u0102 <\/strong>\u2013 aprox. 1 KG<\/p>\n<p>Aluat French Brioche | Ciocolat\u0103 belgian\u0103 fin\u0103 Callebaut 70% | Crem\u0103 bazat\u0103 pe past\u0103 pur\u0103 de alune de p\u0103dure Callebaut | Buc\u0103\u021bi crocante de alune de p\u0103dure | Infuzie de vanilie pur\u0103 de Madagascar &amp; Vin ars Br\u00e2ncoveanu XO<\/p>\n<p>Alergeni: ou, lapte, gluten, alune\/nuci<\/p>\n<p>&nbsp;<\/p>\n<p><strong><em>Comenzile de babka se plaseaz\u0103 cu cel pu\u021bin 72h \u00een avans.Nu prelu\u0103m comenzi doar \u00een intervalul miercuri-s\u00e2mb\u0103t\u0103.\u00a0<\/em><\/strong><\/p>\n<p><strong><em>Pentru comenzi urgente, sau pentru a verifica stocul din ziua respectiv\u0103, v\u0103 rug\u0103m s\u0103 ne contacta\u021bi telefonic, la:0738021828. <\/em><\/strong><\/p>\n<p>&nbsp;<\/p>\n","protected":false},"excerpt":{"rendered":"<p>Pentru c\u0103 iubim ceea ce facem, am creat special pentru voi, un cozonac delicat, inspirat din vechile re\u021bete fran\u021buze\u0219ti. Este vorba despre un aluat pufos, bogat \u00een unt Flechard &#8211; ALUAT FRENCH BRIOCHE- , \u00eentregit de umpluturi delicioase care s\u0103 v\u0103 bucure inimile Cr\u0103ciunul acesta. Fie c\u0103 e\u0219ti iubitor de fistic, alune de p\u0103dure, nuc\u0103,&hellip;<\/p>\n","protected":false},"featured_media":2173,"template":"","meta":[],"product_brand":[],"product_cat":[52],"product_tag":[],"class_list":{"0":"post-1322","1":"product","2":"type-product","3":"status-publish","4":"has-post-thumbnail","6":"product_cat-babkas","7":"description-off","9":"first","10":"outofstock","11":"taxable","12":"shipping-taxable","13":"purchasable","14":"product-type-simple"},"jetpack_sharing_enabled":true,"_links":{"self":[{"href":"https:\/\/lanadiniere.ro\/index.php\/wp-json\/wp\/v2\/product\/1322","targetHints":{"allow":["GET"]}}],"collection":[{"href":"https:\/\/lanadiniere.ro\/index.php\/wp-json\/wp\/v2\/product"}],"about":[{"href":"https:\/\/lanadiniere.ro\/index.php\/wp-json\/wp\/v2\/types\/product"}],"wp:featuredmedia":[{"embeddable":true,"href":"https:\/\/lanadiniere.ro\/index.php\/wp-json\/wp\/v2\/media\/2173"}],"wp:attachment":[{"href":"https:\/\/lanadiniere.ro\/index.php\/wp-json\/wp\/v2\/media?parent=1322"}],"wp:term":[{"taxonomy":"product_brand","embeddable":true,"href":"https:\/\/lanadiniere.ro\/index.php\/wp-json\/wp\/v2\/product_brand?post=1322"},{"taxonomy":"product_cat","embeddable":true,"href":"https:\/\/lanadiniere.ro\/index.php\/wp-json\/wp\/v2\/product_cat?post=1322"},{"taxonomy":"product_tag","embeddable":true,"href":"https:\/\/lanadiniere.ro\/index.php\/wp-json\/wp\/v2\/product_tag?post=1322"}],"curies":[{"name":"wp","href":"https:\/\/api.w.org\/{rel}","templated":true}]}}