{"id":1951,"date":"2022-11-04T10:00:31","date_gmt":"2022-11-04T08:00:31","guid":{"rendered":"https:\/\/lanadiniere.ro\/?post_type=product&#038;p=1951"},"modified":"2025-09-03T10:21:58","modified_gmt":"2025-09-03T08:21:58","slug":"vanilie-x-mascarpone-x-passionfruit-1-5-kg","status":"publish","type":"product","link":"https:\/\/lanadiniere.ro\/index.php\/product\/vanilie-x-mascarpone-x-passionfruit-1-5-kg\/","title":{"rendered":"VANILIE, MASCARPONE &amp; PASSIONFRUIT 1,6KG"},"content":{"rendered":"<p class=\"cvGsUA direction-ltr align-center para-style-body\"><strong>VANILIE, MASCARPONE &amp; PASSIONFRUIT 1,6 KG<\/strong><\/p>\n<p class=\"cvGsUA direction-ltr align-center para-style-body\"><span class=\"OYPEnA text-decoration-none text-strikethrough-none\">Blaturi de migdale &amp; vanilie de Madagascar<\/span><\/p>\n<p class=\"cvGsUA direction-ltr align-center para-style-body\"><span class=\"OYPEnA text-decoration-none text-strikethrough-none\">Crem\u0103 acri\u0219oar\u0103 de mascarpone &amp; piure de fructul pasiunii<\/span><\/p>\n<p class=\"cvGsUA direction-ltr align-center para-style-body\"><span class=\"OYPEnA text-decoration-none text-strikethrough-none\">Top: Crem\u0103 de vanilie de Madagascar<\/span><\/p>\n<p>&nbsp;<\/p>\n<h4><span><em>Cantitatea standard a fiec\u0103rui tort este de 1.6 kg.<\/em><\/span><\/h4>\n<h4><span><em>Decorul torturilor prezentate are caracter orientativ.<\/em><\/span><\/h4>\n<h4><span><em>A\u0219adar, din&nbsp;punct de vedere cromatic \u0219i al elementelor de decor, pot exista diferen\u021be.<\/em><\/span><\/h4>\n<p>&nbsp;<\/p>\n<p><strong><em>-Comenzile pentru torturi se plaseaz\u0103 cu cel pu\u021bin 48h \u00eenainte de livrare\/ridicare. <\/em><\/strong><\/p>\n<p><strong><em>-Pentru un interval mai scurt, sau comenzi urgente, v\u0103 rug\u0103m s\u0103 ne contacta\u021bi telefonic, la:0738021828. <\/em><\/strong><\/p>\n<p><strong><em>-Pentru comenzi de torturi cu decor personalizat, v\u0103 rug\u0103m s\u0103 plasa\u021bi comanda telefonic, sau whatsapp, la 0738021828, nu pe site.<\/em><\/strong><\/p>\n<p><strong><em>-Pentru decoruri personalizate, costurile sunt calculate \u00een func\u021bie de modelul dorit.<\/em><\/strong><\/p>\n<p><strong><em>-Torturile comandate prin intermediul siteului vor avea un decor standard, care poate combina macarons, flori, fructe, elemente de ciocolat\u0103.&nbsp;<\/em><\/strong><\/p>\n<p><strong><em>-Pentru alergii, v\u0103 rug\u0103m s\u0103 contacta\u021bi echipa noastr\u0103, la 0738-021-828. <\/em><\/strong><\/p>\n","protected":false},"excerpt":{"rendered":"<p>VANILIE, MASCARPONE &amp; PASSIONFRUIT 1,6 KG Blaturi de migdale &amp; vanilie de Madagascar Crem\u0103 acri\u0219oar\u0103 de mascarpone &amp; piure de fructul pasiunii Top: Crem\u0103 de vanilie de Madagascar &nbsp; Cantitatea standard a fiec\u0103rui tort este de 1.6 kg. Decorul torturilor prezentate are caracter orientativ. A\u0219adar, din&nbsp;punct de vedere cromatic \u0219i al elementelor de decor, pot&hellip;<\/p>\n","protected":false},"featured_media":3639,"template":"","meta":[],"product_brand":[],"product_cat":[15],"product_tag":[72,74],"class_list":{"0":"post-1951","1":"product","2":"type-product","3":"status-publish","4":"has-post-thumbnail","6":"product_cat-premium-cakes","7":"product_tag-acrisor","8":"product_tag-fresh","9":"description-off","11":"first","12":"instock","13":"taxable","14":"shipping-taxable","15":"purchasable","16":"product-type-simple"},"jetpack_sharing_enabled":true,"_links":{"self":[{"href":"https:\/\/lanadiniere.ro\/index.php\/wp-json\/wp\/v2\/product\/1951","targetHints":{"allow":["GET"]}}],"collection":[{"href":"https:\/\/lanadiniere.ro\/index.php\/wp-json\/wp\/v2\/product"}],"about":[{"href":"https:\/\/lanadiniere.ro\/index.php\/wp-json\/wp\/v2\/types\/product"}],"wp:featuredmedia":[{"embeddable":true,"href":"https:\/\/lanadiniere.ro\/index.php\/wp-json\/wp\/v2\/media\/3639"}],"wp:attachment":[{"href":"https:\/\/lanadiniere.ro\/index.php\/wp-json\/wp\/v2\/media?parent=1951"}],"wp:term":[{"taxonomy":"product_brand","embeddable":true,"href":"https:\/\/lanadiniere.ro\/index.php\/wp-json\/wp\/v2\/product_brand?post=1951"},{"taxonomy":"product_cat","embeddable":true,"href":"https:\/\/lanadiniere.ro\/index.php\/wp-json\/wp\/v2\/product_cat?post=1951"},{"taxonomy":"product_tag","embeddable":true,"href":"https:\/\/lanadiniere.ro\/index.php\/wp-json\/wp\/v2\/product_tag?post=1951"}],"curies":[{"name":"wp","href":"https:\/\/api.w.org\/{rel}","templated":true}]}}