{"id":2067,"date":"2022-11-07T22:25:55","date_gmt":"2022-11-07T20:25:55","guid":{"rendered":"https:\/\/lanadiniere.ro\/?post_type=product&#038;p=2067"},"modified":"2026-01-13T07:34:39","modified_gmt":"2026-01-13T05:34:39","slug":"cutie-12-macarons","status":"publish","type":"product","link":"https:\/\/lanadiniere.ro\/index.php\/product\/cutie-12-macarons\/","title":{"rendered":"12 MACARONS GIFT BOX"},"content":{"rendered":"<p><em><strong>\u00ceNAINTE DE A PLASA O COMAND\u0102 PENTRU ACEST PRODUS, VERIFICA\u021aI V\u0102 RUG\u0102M AROMELE DISPONIBILE LA 0738021828.\u00a0<\/strong><\/em><\/p>\n<p>Fie c\u0103 e\u0219ti \u00een c\u0103utarea unui cadou rafinat, ori dore\u0219ti s\u0103 \u00ee\u021bi r\u0103sfe\u021bi sim\u021burile cu o selec\u021bie atent aleas\u0103 de macarons, suntem aici s\u0103 te ajut\u0103m.<\/p>\n<p>Cutia cu macarons poate con\u021bine urm\u0103toarele arome:<\/p>\n<ul>\n<li>Lavand\u0103<\/li>\n<li>Praline\u00a0Noisette &#8211; crem\u0103 fin\u0103 de ciocolat\u0103 belgian\u0103 cu lapte | past\u0103 pur\u0103 de alune de p\u0103dure | alune de p\u0103dure crocante<\/li>\n<\/ul>\n<ul>\n<li>Fistic crocant &#8211; past\u0103 pur\u0103 de fistic italian |\u00a0buc\u0103\u021bi de fistic crocant |<\/li>\n<\/ul>\n<ul>\n<li>Caramel s\u0103rat &#8211; crem\u0103 fin\u0103 de caramel\u00a0| \u00a0inser\u021bie secret\u0103 de caramel toffee\u00a0| cristale fine de sare de mare Maldon<\/li>\n<\/ul>\n<ul>\n<li>Intense Chocolat &#8211; gust intens de ciocolat\u0103\u00a0| buc\u0103\u021bi crocante de cacao<\/li>\n<\/ul>\n<ul>\n<li>\u00a0Zmeur\u0103 &#8211; crem\u0103 fin\u0103 de zmeur\u0103\u00a0| ciocolat\u0103 Ruby\u00a0| inser\u021bie de piure de zmeur\u0103 f\u0103cut \u00een cas\u0103\u00a0| zmeur\u0103 deshidratat\u0103<\/li>\n<\/ul>\n<ul>\n<li>Creme Br\u00fbl\u00e9e &#8211; ganache b\u0103tut de vanilie pur\u0103 de Madagascan | buc\u0103\u021bi crocante de caramel<\/li>\n<\/ul>\n<ul>\n<li>\u00a0Passionfruit &#8211; crem\u0103 acri\u0219oar\u0103 de passionfruit\u00a0| inser\u021bie de piure de passionfruit 100% fruct<\/li>\n<li>Cocos- ganache de cocos, piure de cocos 100%, vanilie de Madagascar<\/li>\n<li>Cafea- ganache de ciocolat\u0103 cu lapte caramelizat; extract de cafea Trablit<\/li>\n<\/ul>\n<p>Fiecare blister va con\u021bine un asortiment din aromele men\u021bionate mai sus. Aromele sunt standard \u0219i nu pot fi combinate.<\/p>\n<p>Alergeni: ou, lapte, susan, nuci \u0219i derivate din familia nucilor. F\u0102R\u0102 GLUTEN<\/p>\n<p>&nbsp;<\/p>\n<p><strong><em>*Pentru alergii, v\u0103 rug\u0103m s\u0103 contacta\u021bi echipa noastr\u0103, la 0738-021-828. <\/em><\/strong><\/p>\n","protected":false},"excerpt":{"rendered":"<p>\u00ceNAINTE DE A PLASA O COMAND\u0102 PENTRU ACEST PRODUS, VERIFICA\u021aI V\u0102 RUG\u0102M AROMELE DISPONIBILE LA 0738021828.\u00a0 Fie c\u0103 e\u0219ti \u00een c\u0103utarea unui cadou rafinat, ori dore\u0219ti s\u0103 \u00ee\u021bi r\u0103sfe\u021bi sim\u021burile cu o selec\u021bie atent aleas\u0103 de macarons, suntem aici s\u0103 te ajut\u0103m. Cutia cu macarons poate con\u021bine urm\u0103toarele arome: Lavand\u0103 Praline\u00a0Noisette &#8211; crem\u0103 fin\u0103 de&hellip;<\/p>\n","protected":false},"featured_media":3124,"template":"","meta":[],"product_brand":[],"product_cat":[55],"product_tag":[],"class_list":{"0":"post-2067","1":"product","2":"type-product","3":"status-publish","4":"has-post-thumbnail","6":"product_cat-macarons","7":"description-off","9":"first","10":"outofstock","11":"taxable","12":"shipping-taxable","13":"purchasable","14":"product-type-simple"},"jetpack_sharing_enabled":true,"_links":{"self":[{"href":"https:\/\/lanadiniere.ro\/index.php\/wp-json\/wp\/v2\/product\/2067","targetHints":{"allow":["GET"]}}],"collection":[{"href":"https:\/\/lanadiniere.ro\/index.php\/wp-json\/wp\/v2\/product"}],"about":[{"href":"https:\/\/lanadiniere.ro\/index.php\/wp-json\/wp\/v2\/types\/product"}],"wp:featuredmedia":[{"embeddable":true,"href":"https:\/\/lanadiniere.ro\/index.php\/wp-json\/wp\/v2\/media\/3124"}],"wp:attachment":[{"href":"https:\/\/lanadiniere.ro\/index.php\/wp-json\/wp\/v2\/media?parent=2067"}],"wp:term":[{"taxonomy":"product_brand","embeddable":true,"href":"https:\/\/lanadiniere.ro\/index.php\/wp-json\/wp\/v2\/product_brand?post=2067"},{"taxonomy":"product_cat","embeddable":true,"href":"https:\/\/lanadiniere.ro\/index.php\/wp-json\/wp\/v2\/product_cat?post=2067"},{"taxonomy":"product_tag","embeddable":true,"href":"https:\/\/lanadiniere.ro\/index.php\/wp-json\/wp\/v2\/product_tag?post=2067"}],"curies":[{"name":"wp","href":"https:\/\/api.w.org\/{rel}","templated":true}]}}