{"id":2145,"date":"2022-11-14T16:43:23","date_gmt":"2022-11-14T14:43:23","guid":{"rendered":"https:\/\/lanadiniere.ro\/?post_type=product&#038;p=2145"},"modified":"2025-11-28T12:49:48","modified_gmt":"2025-11-28T10:49:48","slug":"ciocolata-belgiana-x-zmeura-15-kg","status":"publish","type":"product","link":"https:\/\/lanadiniere.ro\/index.php\/product\/ciocolata-belgiana-x-zmeura-15-kg\/","title":{"rendered":"CIOCOLAT\u0102 BELGIAN\u0102 \u0218I ZMEUR\u0102 1.6 KG"},"content":{"rendered":"<p><em>Ciocolat\u0103 belgian\u0103 x zmeur\u0103 1,6 kg <\/em><\/p>\n<p class=\"_04xlpA direction-ltr align-center para-style-body\"><span class=\"JsGRdQ\">Blaturi &#8222;crem\u0103 coapt\u0103&#8221; de ciocolat\u0103 belgian\u0103 &amp; f\u0103in\u0103 de migdale<\/span><\/p>\n<p class=\"_04xlpA direction-ltr align-center para-style-body\"><span class=\"JsGRdQ\">Crem\u0103 fiart\u0103 de zmeur\u0103, piure de zmeur\u0103, zmeur\u0103 deshidratat\u0103, ciocolat\u0103 ruby<\/span><\/p>\n<p class=\"_04xlpA direction-ltr align-center para-style-body\"><span class=\"JsGRdQ\">Crem\u0103 aerat\u0103 de ciocolat\u0103 &amp; inser\u021bii de piure de zmeur\u0103<\/span><\/p>\n<p class=\"_04xlpA direction-ltr align-center para-style-body\"><span class=\"JsGRdQ\">Top: Mirror Glaze de ciocolat\u0103 belgian\u0103<\/span><\/p>\n<p>&nbsp;<\/p>\n<p><em>Comenzile pentru torturi se plaseaz\u0103 cu cel pu\u021bin 24h \u00eenainte de livrare\/ridicare.<span class=\"Apple-converted-space\">&nbsp;<\/span><\/em><\/p>\n<p><em>Pentru un interval mai scurt, sau comenzi urgente, v\u0103 rug\u0103m s\u0103 ne contacta\u021bi telefonic, la:0738021828.<span class=\"Apple-converted-space\">&nbsp;<\/span><\/em><\/p>\n<p><em>Pentru comenzi de torturi cu decor personalizat, v\u0103 rug\u0103m s\u0103 plasa\u021bi comanda telefonic, sau whatsapp, la 0738021828, nu pe site.<\/em><\/p>\n<p><em>Pentru decoruri personalizate, costurile sunt calculate \u00een func\u021bie de modelul dorit.<\/em><\/p>\n<p><em>Decorul torturilor comandate prin intermediul siteului vor avea un decor standard care poate combina macarons, flori, fructe, elemente de ciocolat\u0103. <span class=\"Apple-converted-space\">&nbsp;<\/span><\/em><\/p>\n<p><em>Pentru alergii, v\u0103 rug\u0103m s\u0103 contacta\u021bi echipa noastr\u0103, la 0738-021-828.<span class=\"Apple-converted-space\">&nbsp;<\/span><\/em><\/p>\n<p>&nbsp;<\/p>\n","protected":false},"excerpt":{"rendered":"<p>Ciocolat\u0103 belgian\u0103 x zmeur\u0103 1,6 kg Blaturi &#8222;crem\u0103 coapt\u0103&#8221; de ciocolat\u0103 belgian\u0103 &amp; f\u0103in\u0103 de migdale Crem\u0103 fiart\u0103 de zmeur\u0103, piure de zmeur\u0103, zmeur\u0103 deshidratat\u0103, ciocolat\u0103 ruby Crem\u0103 aerat\u0103 de ciocolat\u0103 &amp; inser\u021bii de piure de zmeur\u0103 Top: Mirror Glaze de ciocolat\u0103 belgian\u0103 &nbsp; Comenzile pentru torturi se plaseaz\u0103 cu cel pu\u021bin 24h \u00eenainte de&hellip;<\/p>\n","protected":false},"featured_media":3771,"template":"","meta":[],"product_brand":[],"product_cat":[15],"product_tag":[],"class_list":{"0":"post-2145","1":"product","2":"type-product","3":"status-publish","4":"has-post-thumbnail","6":"product_cat-premium-cakes","7":"description-off","9":"first","10":"instock","11":"taxable","12":"shipping-taxable","13":"purchasable","14":"product-type-simple"},"jetpack_sharing_enabled":true,"_links":{"self":[{"href":"https:\/\/lanadiniere.ro\/index.php\/wp-json\/wp\/v2\/product\/2145","targetHints":{"allow":["GET"]}}],"collection":[{"href":"https:\/\/lanadiniere.ro\/index.php\/wp-json\/wp\/v2\/product"}],"about":[{"href":"https:\/\/lanadiniere.ro\/index.php\/wp-json\/wp\/v2\/types\/product"}],"wp:featuredmedia":[{"embeddable":true,"href":"https:\/\/lanadiniere.ro\/index.php\/wp-json\/wp\/v2\/media\/3771"}],"wp:attachment":[{"href":"https:\/\/lanadiniere.ro\/index.php\/wp-json\/wp\/v2\/media?parent=2145"}],"wp:term":[{"taxonomy":"product_brand","embeddable":true,"href":"https:\/\/lanadiniere.ro\/index.php\/wp-json\/wp\/v2\/product_brand?post=2145"},{"taxonomy":"product_cat","embeddable":true,"href":"https:\/\/lanadiniere.ro\/index.php\/wp-json\/wp\/v2\/product_cat?post=2145"},{"taxonomy":"product_tag","embeddable":true,"href":"https:\/\/lanadiniere.ro\/index.php\/wp-json\/wp\/v2\/product_tag?post=2145"}],"curies":[{"name":"wp","href":"https:\/\/api.w.org\/{rel}","templated":true}]}}