{"id":2147,"date":"2022-11-14T16:49:40","date_gmt":"2022-11-14T14:49:40","guid":{"rendered":"https:\/\/lanadiniere.ro\/?post_type=product&#038;p=2147"},"modified":"2025-11-28T12:48:36","modified_gmt":"2025-11-28T10:48:36","slug":"ciocolata-belgiana-visine-15-kg","status":"publish","type":"product","link":"https:\/\/lanadiniere.ro\/index.php\/product\/ciocolata-belgiana-visine-15-kg\/","title":{"rendered":"CIOCOLAT\u0102 BELGIAN\u0102 \u0218I VI\u0218INE 1.6 KG\u00a0"},"content":{"rendered":"<p><strong>CIOCOLAT\u0102 BELGIAN\u0102 &amp; VI\u0218INE 1,6 KG&nbsp;<\/strong><\/p>\n<p class=\"cvGsUA direction-ltr align-center para-style-body\"><span class=\"OYPEnA text-decoration-none text-strikethrough-none\">Blaturi chocolate fudge de ciocolat\u0103 belgian\u0103<\/span><\/p>\n<p class=\"cvGsUA direction-ltr align-center para-style-body\"><span class=\"OYPEnA text-decoration-none text-strikethrough-none\">Doua creme diferite de ciocolat\u0103 belgian\u0103 &amp; inser\u021bii de vi\u0219ine<\/span><\/p>\n<p class=\"cvGsUA direction-ltr align-center para-style-body\"><span class=\"OYPEnA text-decoration-none text-strikethrough-none\">Top: Ganache de ciocolat\u0103<\/span><\/p>\n<p>&nbsp;<\/p>\n<p><strong><em>-Comenzile pentru torturi se plaseaz\u0103 cu cel pu\u021bin 48h \u00eenainte de livrare\/ridicare. <\/em><\/strong><\/p>\n<p><strong><em>Pentru un interval mai scurt, sau comenzi urgente, v\u0103 rug\u0103m s\u0103 ne contacta\u021bi telefonic, la:0738021828.<span class=\"Apple-converted-space\">&nbsp;<\/span><\/em><\/strong><\/p>\n<p><strong><em>Pentru comenzi de torturi cu decor personalizat, v\u0103 rug\u0103m s\u0103 plasa\u021bi comanda telefonic, sau whatsapp, la 0738021828, nu pe site.<\/em><\/strong><\/p>\n<p><strong><em>Pentru decoruri personalizate, costurile sunt calculate \u00een func\u021bie de modelul dorit.<\/em><\/strong><\/p>\n<p><strong><em>Decorul torturilor comandate prin intermediul siteului vor avea un decor standard care poate combina macarons, flori, fructe, elemente de ciocolat\u0103. <span class=\"Apple-converted-space\">&nbsp;<\/span><\/em><\/strong><\/p>\n<p><strong><em>Pentru alergii, v\u0103 rug\u0103m s\u0103 contacta\u021bi echipa noastr\u0103, la 0738-021-828.<span class=\"Apple-converted-space\">&nbsp;<\/span><\/em><\/strong><\/p>\n<p>&nbsp;<\/p>\n","protected":false},"excerpt":{"rendered":"<p>CIOCOLAT\u0102 BELGIAN\u0102 &amp; VI\u0218INE 1,6 KG&nbsp; Blaturi chocolate fudge de ciocolat\u0103 belgian\u0103 Doua creme diferite de ciocolat\u0103 belgian\u0103 &amp; inser\u021bii de vi\u0219ine Top: Ganache de ciocolat\u0103 &nbsp; -Comenzile pentru torturi se plaseaz\u0103 cu cel pu\u021bin 48h \u00eenainte de livrare\/ridicare. Pentru un interval mai scurt, sau comenzi urgente, v\u0103 rug\u0103m s\u0103 ne contacta\u021bi telefonic, la:0738021828.&nbsp; Pentru&hellip;<\/p>\n","protected":false},"featured_media":3510,"template":"","meta":[],"product_brand":[],"product_cat":[15],"product_tag":[],"class_list":{"0":"post-2147","1":"product","2":"type-product","3":"status-publish","4":"has-post-thumbnail","6":"product_cat-premium-cakes","7":"description-off","9":"first","10":"instock","11":"taxable","12":"shipping-taxable","13":"purchasable","14":"product-type-simple"},"jetpack_sharing_enabled":true,"_links":{"self":[{"href":"https:\/\/lanadiniere.ro\/index.php\/wp-json\/wp\/v2\/product\/2147","targetHints":{"allow":["GET"]}}],"collection":[{"href":"https:\/\/lanadiniere.ro\/index.php\/wp-json\/wp\/v2\/product"}],"about":[{"href":"https:\/\/lanadiniere.ro\/index.php\/wp-json\/wp\/v2\/types\/product"}],"wp:featuredmedia":[{"embeddable":true,"href":"https:\/\/lanadiniere.ro\/index.php\/wp-json\/wp\/v2\/media\/3510"}],"wp:attachment":[{"href":"https:\/\/lanadiniere.ro\/index.php\/wp-json\/wp\/v2\/media?parent=2147"}],"wp:term":[{"taxonomy":"product_brand","embeddable":true,"href":"https:\/\/lanadiniere.ro\/index.php\/wp-json\/wp\/v2\/product_brand?post=2147"},{"taxonomy":"product_cat","embeddable":true,"href":"https:\/\/lanadiniere.ro\/index.php\/wp-json\/wp\/v2\/product_cat?post=2147"},{"taxonomy":"product_tag","embeddable":true,"href":"https:\/\/lanadiniere.ro\/index.php\/wp-json\/wp\/v2\/product_tag?post=2147"}],"curies":[{"name":"wp","href":"https:\/\/api.w.org\/{rel}","templated":true}]}}