{"id":2749,"date":"2023-03-12T20:45:19","date_gmt":"2023-03-12T18:45:19","guid":{"rendered":"https:\/\/lanadiniere.ro\/?post_type=product&#038;p=2749"},"modified":"2026-03-18T10:40:49","modified_gmt":"2026-03-18T08:40:49","slug":"new-babka-glazurat-cu-nuca-ciocolata-cu-lapte","status":"publish","type":"product","link":"https:\/\/lanadiniere.ro\/index.php\/product\/new-babka-glazurat-cu-nuca-ciocolata-cu-lapte\/","title":{"rendered":"COZONAC BABKA GLAZURAT CU NUC\u0102 \u0218I CIOCOLAT\u0102 CU LAPTE 1,3 KG"},"content":{"rendered":"<p>Pentru c\u0103 iubim ceea ce facem, am creat special pentru voi, un cozonac delicat, inspirat din vechile re\u021bete fran\u021buze\u0219ti. Este vorba despre un aluat pufos, bogat \u00een unt Flechard &#8211; ALUAT FRENCH BRIOCHE- , \u00eentregit de umpluturi delicioase care s\u0103 v\u0103 bucure inimile Cr\u0103ciunul acesta. Fie c\u0103 e\u0219ti iubitor de fistic, alune de p\u0103dure, nuc\u0103, mac sau vi\u0219ine acri\u0219oare, La Nadiniere este aici s\u0103 satisfac\u0103 toate gusturile. V\u0103 a\u0219tept\u0103m cu drag!<\/p>\n<p>&nbsp;<\/p>\n<p><strong>\u2665Noul babka cu nuc\u0103 \u0219i glazur\u0103 fin\u0103 de ciocolat\u0103 cu lapte -1,2 kg aprox.&nbsp;<\/strong><\/p>\n<p>Aluat French Brioche | Crem\u0103 de nuci caramelizate | Infuzie de vanilie pur\u0103 de Madagascar &amp; Vin ars Brancoveanu | Glazur\u0103 de ciocolat\u0103 belgian\u0103 cu lapte<\/p>\n<p>Alergeni: ou, lapte, gluten, nuc\u0103<\/p>\n<p><strong><em>Comenzile de babka se plaseaz\u0103 cu cel pu\u021bin 72h \u00een avans.Nu prelu\u0103m comenzi doar \u00een intervalul miercuri-s\u00e2mb\u0103t\u0103.&nbsp;<\/em><\/strong><\/p>\n<p><strong><em>Pentru comenzi urgente, sau pentru a verifica stocul din ziua respectiv\u0103, v\u0103 rug\u0103m s\u0103 ne contacta\u021bi telefonic, la:0738021828. <\/em><\/strong><\/p>\n<p>&nbsp;<\/p>\n","protected":false},"excerpt":{"rendered":"<p>Pentru c\u0103 iubim ceea ce facem, am creat special pentru voi, un cozonac delicat, inspirat din vechile re\u021bete fran\u021buze\u0219ti. Este vorba despre un aluat pufos, bogat \u00een unt Flechard &#8211; ALUAT FRENCH BRIOCHE- , \u00eentregit de umpluturi delicioase care s\u0103 v\u0103 bucure inimile Cr\u0103ciunul acesta. Fie c\u0103 e\u0219ti iubitor de fistic, alune de p\u0103dure, nuc\u0103,&hellip;<\/p>\n","protected":false},"featured_media":2729,"template":"","meta":[],"product_brand":[],"product_cat":[52],"product_tag":[94],"class_list":{"0":"post-2749","1":"product","2":"type-product","3":"status-publish","4":"has-post-thumbnail","6":"product_cat-babkas","7":"product_tag-xmas-special","8":"description-off","10":"first","11":"instock","12":"taxable","13":"shipping-taxable","14":"purchasable","15":"product-type-simple"},"jetpack_sharing_enabled":true,"_links":{"self":[{"href":"https:\/\/lanadiniere.ro\/index.php\/wp-json\/wp\/v2\/product\/2749","targetHints":{"allow":["GET"]}}],"collection":[{"href":"https:\/\/lanadiniere.ro\/index.php\/wp-json\/wp\/v2\/product"}],"about":[{"href":"https:\/\/lanadiniere.ro\/index.php\/wp-json\/wp\/v2\/types\/product"}],"wp:featuredmedia":[{"embeddable":true,"href":"https:\/\/lanadiniere.ro\/index.php\/wp-json\/wp\/v2\/media\/2729"}],"wp:attachment":[{"href":"https:\/\/lanadiniere.ro\/index.php\/wp-json\/wp\/v2\/media?parent=2749"}],"wp:term":[{"taxonomy":"product_brand","embeddable":true,"href":"https:\/\/lanadiniere.ro\/index.php\/wp-json\/wp\/v2\/product_brand?post=2749"},{"taxonomy":"product_cat","embeddable":true,"href":"https:\/\/lanadiniere.ro\/index.php\/wp-json\/wp\/v2\/product_cat?post=2749"},{"taxonomy":"product_tag","embeddable":true,"href":"https:\/\/lanadiniere.ro\/index.php\/wp-json\/wp\/v2\/product_tag?post=2749"}],"curies":[{"name":"wp","href":"https:\/\/api.w.org\/{rel}","templated":true}]}}