{"id":3535,"date":"2023-11-07T18:26:28","date_gmt":"2023-11-07T16:26:28","guid":{"rendered":"https:\/\/lanadiniere.ro\/?post_type=product&#038;p=3535"},"modified":"2026-01-02T08:01:46","modified_gmt":"2026-01-02T06:01:46","slug":"dobos-intense-chocolat-1-kg","status":"publish","type":"product","link":"https:\/\/lanadiniere.ro\/index.php\/product\/dobos-intense-chocolat-1-kg\/","title":{"rendered":"DOBO\u0218 INTENSE CHOCOLAT 1 KG"},"content":{"rendered":"<h3><em>\u00a0<\/em><strong>DOBO\u0218 INTENSE CHOCOLAT 1KG<\/strong><\/h3>\n<p>Foi delicioase de ciocolat\u0103 belgian\u0103 \u0219i migdale<\/p>\n<p>Dou\u0103 creme diferite de ciocolat\u0103 belgian\u0103<\/p>\n<p>Glazur\u0103 intens\u0103 de ciocolat\u0103 belgian\u0103<\/p>\n<p>&nbsp;<\/p>\n<p><strong>*Pentru a prelungi prospe\u021bimea sa, pr\u0103jitura nu este por\u021bionat\u0103 \u0219i vine sub forma unei singure buc\u0103\u021bi.\u00a0<\/strong><\/p>\n<p><strong><em>*Pentru alergii, v\u0103 rug\u0103m s\u0103 contacta\u021bi echipa noastr\u0103, la 0738-021-828.<\/em><\/strong><\/p>\n<p>&nbsp;<\/p>\n","protected":false},"excerpt":{"rendered":"<p>\u00a0DOBO\u0218 INTENSE CHOCOLAT 1KG Foi delicioase de ciocolat\u0103 belgian\u0103 \u0219i migdale Dou\u0103 creme diferite de ciocolat\u0103 belgian\u0103 Glazur\u0103 intens\u0103 de ciocolat\u0103 belgian\u0103 &nbsp; *Pentru a prelungi prospe\u021bimea sa, pr\u0103jitura nu este por\u021bionat\u0103 \u0219i vine sub forma unei singure buc\u0103\u021bi.\u00a0 *Pentru alergii, v\u0103 rug\u0103m s\u0103 contacta\u021bi echipa noastr\u0103, la 0738-021-828. &nbsp;<\/p>\n","protected":false},"featured_media":3474,"template":"","meta":[],"product_brand":[],"product_cat":[99],"product_tag":[91],"class_list":{"0":"post-3535","1":"product","2":"type-product","3":"status-publish","4":"has-post-thumbnail","6":"product_cat-prajituri-nadiniere-special","7":"product_tag-ciocolatos","8":"description-off","10":"first","11":"instock","12":"taxable","13":"shipping-taxable","14":"purchasable","15":"product-type-simple"},"jetpack_sharing_enabled":true,"_links":{"self":[{"href":"https:\/\/lanadiniere.ro\/index.php\/wp-json\/wp\/v2\/product\/3535","targetHints":{"allow":["GET"]}}],"collection":[{"href":"https:\/\/lanadiniere.ro\/index.php\/wp-json\/wp\/v2\/product"}],"about":[{"href":"https:\/\/lanadiniere.ro\/index.php\/wp-json\/wp\/v2\/types\/product"}],"wp:featuredmedia":[{"embeddable":true,"href":"https:\/\/lanadiniere.ro\/index.php\/wp-json\/wp\/v2\/media\/3474"}],"wp:attachment":[{"href":"https:\/\/lanadiniere.ro\/index.php\/wp-json\/wp\/v2\/media?parent=3535"}],"wp:term":[{"taxonomy":"product_brand","embeddable":true,"href":"https:\/\/lanadiniere.ro\/index.php\/wp-json\/wp\/v2\/product_brand?post=3535"},{"taxonomy":"product_cat","embeddable":true,"href":"https:\/\/lanadiniere.ro\/index.php\/wp-json\/wp\/v2\/product_cat?post=3535"},{"taxonomy":"product_tag","embeddable":true,"href":"https:\/\/lanadiniere.ro\/index.php\/wp-json\/wp\/v2\/product_tag?post=3535"}],"curies":[{"name":"wp","href":"https:\/\/api.w.org\/{rel}","templated":true}]}}