{"id":3538,"date":"2023-11-07T18:36:17","date_gmt":"2023-11-07T16:36:17","guid":{"rendered":"https:\/\/lanadiniere.ro\/?post_type=product&#038;p=3538"},"modified":"2026-01-02T08:01:39","modified_gmt":"2026-01-02T06:01:39","slug":"dobos-lamaie-afine-1-kg","status":"publish","type":"product","link":"https:\/\/lanadiniere.ro\/index.php\/product\/dobos-lamaie-afine-1-kg\/","title":{"rendered":"DOBO\u0218 L\u0102M\u00c2IE \u0218I AFINE 1 KG"},"content":{"rendered":"<h3><strong>DOBO\u0218 L\u0102M\u00c2IE \u0218I AFINE 1 KG<\/strong><\/h3>\n<p>Foi fragede de vanilie de Madagascar<\/p>\n<p>Crem\u0103 delicioas\u0103 de l\u0103m\u00e2ie<\/p>\n<p>Reduc\u021bie acri\u0219oar\u0103 de afine<\/p>\n<p>Glazur\u0103 de ciocolat\u0103 alb\u0103 belgian\u0103<\/p>\n<p>&nbsp;<\/p>\n<p><strong>*Pentru a prelungi prospe\u021bimea sa, pr\u0103jitura nu este por\u021bionat\u0103 \u0219i vine sub forma unei singure buc\u0103\u021bi.\u00a0<\/strong><\/p>\n<p><strong><em>*Pentru alergii, v\u0103 rug\u0103m s\u0103 contacta\u021bi echipa noastr\u0103, la 0738-021-828.<\/em><\/strong><\/p>\n","protected":false},"excerpt":{"rendered":"<p>DOBO\u0218 L\u0102M\u00c2IE \u0218I AFINE 1 KG Foi fragede de vanilie de Madagascar Crem\u0103 delicioas\u0103 de l\u0103m\u00e2ie Reduc\u021bie acri\u0219oar\u0103 de afine Glazur\u0103 de ciocolat\u0103 alb\u0103 belgian\u0103 &nbsp; *Pentru a prelungi prospe\u021bimea sa, pr\u0103jitura nu este por\u021bionat\u0103 \u0219i vine sub forma unei singure buc\u0103\u021bi.\u00a0 *Pentru alergii, v\u0103 rug\u0103m s\u0103 contacta\u021bi echipa noastr\u0103, la 0738-021-828.<\/p>\n","protected":false},"featured_media":3446,"template":"","meta":[],"product_brand":[],"product_cat":[99],"product_tag":[72,74],"class_list":{"0":"post-3538","1":"product","2":"type-product","3":"status-publish","4":"has-post-thumbnail","6":"product_cat-prajituri-nadiniere-special","7":"product_tag-acrisor","8":"product_tag-fresh","9":"description-off","11":"first","12":"instock","13":"taxable","14":"shipping-taxable","15":"purchasable","16":"product-type-simple"},"jetpack_sharing_enabled":true,"_links":{"self":[{"href":"https:\/\/lanadiniere.ro\/index.php\/wp-json\/wp\/v2\/product\/3538","targetHints":{"allow":["GET"]}}],"collection":[{"href":"https:\/\/lanadiniere.ro\/index.php\/wp-json\/wp\/v2\/product"}],"about":[{"href":"https:\/\/lanadiniere.ro\/index.php\/wp-json\/wp\/v2\/types\/product"}],"wp:featuredmedia":[{"embeddable":true,"href":"https:\/\/lanadiniere.ro\/index.php\/wp-json\/wp\/v2\/media\/3446"}],"wp:attachment":[{"href":"https:\/\/lanadiniere.ro\/index.php\/wp-json\/wp\/v2\/media?parent=3538"}],"wp:term":[{"taxonomy":"product_brand","embeddable":true,"href":"https:\/\/lanadiniere.ro\/index.php\/wp-json\/wp\/v2\/product_brand?post=3538"},{"taxonomy":"product_cat","embeddable":true,"href":"https:\/\/lanadiniere.ro\/index.php\/wp-json\/wp\/v2\/product_cat?post=3538"},{"taxonomy":"product_tag","embeddable":true,"href":"https:\/\/lanadiniere.ro\/index.php\/wp-json\/wp\/v2\/product_tag?post=3538"}],"curies":[{"name":"wp","href":"https:\/\/api.w.org\/{rel}","templated":true}]}}