{"id":3540,"date":"2023-11-07T18:41:29","date_gmt":"2023-11-07T16:41:29","guid":{"rendered":"https:\/\/lanadiniere.ro\/?post_type=product&#038;p=3540"},"modified":"2026-04-14T07:18:33","modified_gmt":"2026-04-14T05:18:33","slug":"tobite-dacquoise-fara-gluten-1-kg","status":"publish","type":"product","link":"https:\/\/lanadiniere.ro\/index.php\/product\/tobite-dacquoise-fara-gluten-1-kg\/","title":{"rendered":"TOBI\u021aE DACQUOISE F\u0102R\u0102 GLUTEN 1 KG"},"content":{"rendered":"<p>\ud835\udc13\ud835\udc28\ud835\udc1b\ud835\udc22\ud835\udc2d\ud835\udc1e \ud835\udc03\ud835\udc1a\ud835\udc1c\ud835\udc2a\ud835\udc2e\ud835\udc28\ud835\udc22\ud835\udc2c\ud835\udc1e 1 KG<\/p>\n<p>Bezea realizat\u0103 cu f\u0103in\u0103 de nuc\u0103 pr\u0103jit\u0103 \u0219i past\u0103 pur\u0103 de alune de p\u0103dure<\/p>\n<p>Crem\u0103 de ciocolat\u0103 belgian\u0103 \u0219i past\u0103 pur\u0103 de alune de p\u0103dure<\/p>\n<p>\u00cenveli\u0219 de nuc\u0103 crocant\u0103<\/p>\n<p>Cantitate cutie: 1 kg<\/p>\n","protected":false},"excerpt":{"rendered":"<p>\ud835\udc13\ud835\udc28\ud835\udc1b\ud835\udc22\ud835\udc2d\ud835\udc1e \ud835\udc03\ud835\udc1a\ud835\udc1c\ud835\udc2a\ud835\udc2e\ud835\udc28\ud835\udc22\ud835\udc2c\ud835\udc1e 1 KG Bezea realizat\u0103 cu f\u0103in\u0103 de nuc\u0103 pr\u0103jit\u0103 \u0219i past\u0103 pur\u0103 de alune de p\u0103dure Crem\u0103 de ciocolat\u0103 belgian\u0103 \u0219i past\u0103 pur\u0103 de alune de p\u0103dure \u00cenveli\u0219 de nuc\u0103 crocant\u0103 Cantitate cutie: 1 kg<\/p>\n","protected":false},"featured_media":3364,"template":"","meta":[],"product_brand":[],"product_cat":[111],"product_tag":[90],"class_list":{"0":"post-3540","1":"product","2":"type-product","3":"status-publish","4":"has-post-thumbnail","6":"product_cat-nadiniere-specialties","7":"product_tag-deliciu-de-craciun","8":"description-off","10":"first","11":"instock","12":"taxable","13":"shipping-taxable","14":"purchasable","15":"product-type-simple"},"jetpack_sharing_enabled":true,"_links":{"self":[{"href":"https:\/\/lanadiniere.ro\/index.php\/wp-json\/wp\/v2\/product\/3540","targetHints":{"allow":["GET"]}}],"collection":[{"href":"https:\/\/lanadiniere.ro\/index.php\/wp-json\/wp\/v2\/product"}],"about":[{"href":"https:\/\/lanadiniere.ro\/index.php\/wp-json\/wp\/v2\/types\/product"}],"wp:featuredmedia":[{"embeddable":true,"href":"https:\/\/lanadiniere.ro\/index.php\/wp-json\/wp\/v2\/media\/3364"}],"wp:attachment":[{"href":"https:\/\/lanadiniere.ro\/index.php\/wp-json\/wp\/v2\/media?parent=3540"}],"wp:term":[{"taxonomy":"product_brand","embeddable":true,"href":"https:\/\/lanadiniere.ro\/index.php\/wp-json\/wp\/v2\/product_brand?post=3540"},{"taxonomy":"product_cat","embeddable":true,"href":"https:\/\/lanadiniere.ro\/index.php\/wp-json\/wp\/v2\/product_cat?post=3540"},{"taxonomy":"product_tag","embeddable":true,"href":"https:\/\/lanadiniere.ro\/index.php\/wp-json\/wp\/v2\/product_tag?post=3540"}],"curies":[{"name":"wp","href":"https:\/\/api.w.org\/{rel}","templated":true}]}}