{"id":3543,"date":"2023-11-07T18:52:17","date_gmt":"2023-11-07T16:52:17","guid":{"rendered":"https:\/\/lanadiniere.ro\/?post_type=product&#038;p=3543"},"modified":"2026-01-02T08:01:11","modified_gmt":"2026-01-02T06:01:11","slug":"dobos-trio-1kgcopy","status":"publish","type":"product","link":"https:\/\/lanadiniere.ro\/index.php\/product\/dobos-trio-1kgcopy\/","title":{"rendered":"DOBO\u0218 TRIO 1 KG"},"content":{"rendered":"<p><strong>DOBO\u0218 TRIO 1 KG\u00a0<\/strong><\/p>\n<p>Foi pufoase de vanilie, bogate \u00een unt Elle &amp; Vire<br \/>\nFoi pufoase de ciocolat\u0103 belgian\u0103, f\u0103r\u0103 f\u0103in\u0103, bogate \u00een unt<br \/>\nCrem\u0103 fin\u0103 aerat\u0103 de ciocolat\u0103 belgian\u0103<br \/>\nCrem\u0103 de caramel toffee<\/p>\n<p>&nbsp;<\/p>\n<p><strong>*Pentru a prelungi prospe\u021bimea sa, pr\u0103jitura nu este por\u021bionat\u0103 \u0219i vine sub forma unei singure buc\u0103\u021bi.\u00a0<\/strong><\/p>\n<p><strong><em>*Pentru alergii, v\u0103 rug\u0103m s\u0103 contacta\u021bi echipa noastr\u0103, la 0738-021-828.<\/em><\/strong><\/p>\n<p>Cantitate: 1 kg<\/p>\n","protected":false},"excerpt":{"rendered":"<p>DOBO\u0218 TRIO 1 KG\u00a0 Foi pufoase de vanilie, bogate \u00een unt Elle &amp; Vire Foi pufoase de ciocolat\u0103 belgian\u0103, f\u0103r\u0103 f\u0103in\u0103, bogate \u00een unt Crem\u0103 fin\u0103 aerat\u0103 de ciocolat\u0103 belgian\u0103 Crem\u0103 de caramel toffee &nbsp; *Pentru a prelungi prospe\u021bimea sa, pr\u0103jitura nu este por\u021bionat\u0103 \u0219i vine sub forma unei singure buc\u0103\u021bi.\u00a0 *Pentru alergii, v\u0103 rug\u0103m&hellip;<\/p>\n","protected":false},"featured_media":3402,"template":"","meta":[],"product_brand":[],"product_cat":[99],"product_tag":[],"class_list":{"0":"post-3543","1":"product","2":"type-product","3":"status-publish","4":"has-post-thumbnail","6":"product_cat-prajituri-nadiniere-special","7":"description-off","9":"first","10":"instock","11":"taxable","12":"shipping-taxable","13":"purchasable","14":"product-type-simple"},"jetpack_sharing_enabled":true,"_links":{"self":[{"href":"https:\/\/lanadiniere.ro\/index.php\/wp-json\/wp\/v2\/product\/3543","targetHints":{"allow":["GET"]}}],"collection":[{"href":"https:\/\/lanadiniere.ro\/index.php\/wp-json\/wp\/v2\/product"}],"about":[{"href":"https:\/\/lanadiniere.ro\/index.php\/wp-json\/wp\/v2\/types\/product"}],"wp:featuredmedia":[{"embeddable":true,"href":"https:\/\/lanadiniere.ro\/index.php\/wp-json\/wp\/v2\/media\/3402"}],"wp:attachment":[{"href":"https:\/\/lanadiniere.ro\/index.php\/wp-json\/wp\/v2\/media?parent=3543"}],"wp:term":[{"taxonomy":"product_brand","embeddable":true,"href":"https:\/\/lanadiniere.ro\/index.php\/wp-json\/wp\/v2\/product_brand?post=3543"},{"taxonomy":"product_cat","embeddable":true,"href":"https:\/\/lanadiniere.ro\/index.php\/wp-json\/wp\/v2\/product_cat?post=3543"},{"taxonomy":"product_tag","embeddable":true,"href":"https:\/\/lanadiniere.ro\/index.php\/wp-json\/wp\/v2\/product_tag?post=3543"}],"curies":[{"name":"wp","href":"https:\/\/api.w.org\/{rel}","templated":true}]}}