{"id":3550,"date":"2023-11-08T08:53:20","date_gmt":"2023-11-08T06:53:20","guid":{"rendered":"https:\/\/lanadiniere.ro\/?post_type=product&#038;p=3550"},"modified":"2025-11-29T12:45:13","modified_gmt":"2025-11-29T10:45:13","slug":"raffaello-nadiniere-1-kg","status":"publish","type":"product","link":"https:\/\/lanadiniere.ro\/index.php\/product\/raffaello-nadiniere-1-kg\/","title":{"rendered":"ALB DE COCOS 1 KG"},"content":{"rendered":"<p><strong>ALB DE COCOS 1kg\u00a0<\/strong><\/p>\n<p>Foi de bezea \u0219i cocos ,bogate \u00een unt Elle &amp; Vire<\/p>\n<p>Crem\u0103 fin\u0103 de cocos realizat\u0103 cu lapte de cocos, mascarpone \u0219i vanilie de Madagascar<\/p>\n<p>Glazur\u0103 fin\u0103 de ciocolat\u0103 alb\u0103 belgian\u0103 &amp; cocos<\/p>\n<p>&nbsp;<\/p>\n<p><strong>*Pentru a prelungi prospe\u021bimea sa, pr\u0103jitura nu este por\u021bionat\u0103 \u0219i vine sub forma unei singure buc\u0103\u021bi.\u00a0<\/strong><\/p>\n<p><strong><em>*Pentru alergii, v\u0103 rug\u0103m s\u0103 contacta\u021bi echipa noastr\u0103, la 0738-021-828.<\/em><\/strong><\/p>\n<p>Cantitate: 1 kg<\/p>\n","protected":false},"excerpt":{"rendered":"<p>ALB DE COCOS 1kg\u00a0 Foi de bezea \u0219i cocos ,bogate \u00een unt Elle &amp; Vire Crem\u0103 fin\u0103 de cocos realizat\u0103 cu lapte de cocos, mascarpone \u0219i vanilie de Madagascar Glazur\u0103 fin\u0103 de ciocolat\u0103 alb\u0103 belgian\u0103 &amp; cocos &nbsp; *Pentru a prelungi prospe\u021bimea sa, pr\u0103jitura nu este por\u021bionat\u0103 \u0219i vine sub forma unei singure buc\u0103\u021bi.\u00a0 *Pentru&hellip;<\/p>\n","protected":false},"featured_media":3599,"template":"","meta":[],"product_brand":[],"product_cat":[99],"product_tag":[66,71],"class_list":{"0":"post-3550","1":"product","2":"type-product","3":"status-publish","4":"has-post-thumbnail","6":"product_cat-prajituri-nadiniere-special","7":"product_tag-bestseller","8":"product_tag-clasic","9":"description-off","11":"first","12":"instock","13":"taxable","14":"shipping-taxable","15":"purchasable","16":"product-type-simple"},"jetpack_sharing_enabled":true,"_links":{"self":[{"href":"https:\/\/lanadiniere.ro\/index.php\/wp-json\/wp\/v2\/product\/3550","targetHints":{"allow":["GET"]}}],"collection":[{"href":"https:\/\/lanadiniere.ro\/index.php\/wp-json\/wp\/v2\/product"}],"about":[{"href":"https:\/\/lanadiniere.ro\/index.php\/wp-json\/wp\/v2\/types\/product"}],"wp:featuredmedia":[{"embeddable":true,"href":"https:\/\/lanadiniere.ro\/index.php\/wp-json\/wp\/v2\/media\/3599"}],"wp:attachment":[{"href":"https:\/\/lanadiniere.ro\/index.php\/wp-json\/wp\/v2\/media?parent=3550"}],"wp:term":[{"taxonomy":"product_brand","embeddable":true,"href":"https:\/\/lanadiniere.ro\/index.php\/wp-json\/wp\/v2\/product_brand?post=3550"},{"taxonomy":"product_cat","embeddable":true,"href":"https:\/\/lanadiniere.ro\/index.php\/wp-json\/wp\/v2\/product_cat?post=3550"},{"taxonomy":"product_tag","embeddable":true,"href":"https:\/\/lanadiniere.ro\/index.php\/wp-json\/wp\/v2\/product_tag?post=3550"}],"curies":[{"name":"wp","href":"https:\/\/api.w.org\/{rel}","templated":true}]}}