{"id":3667,"date":"2023-11-08T13:56:03","date_gmt":"2023-11-08T11:56:03","guid":{"rendered":"https:\/\/lanadiniere.ro\/?post_type=product&#038;p=3667"},"modified":"2026-01-02T08:00:40","modified_gmt":"2026-01-02T06:00:40","slug":"mango-coconut-15-kg","status":"publish","type":"product","link":"https:\/\/lanadiniere.ro\/index.php\/product\/mango-coconut-15-kg\/","title":{"rendered":"MANGO \u0218I COCONUT 1.6 KG"},"content":{"rendered":"<p><strong>MANGO &amp; COCONUT 1,6 KG<\/strong><\/p>\n<p class=\"cvGsUA direction-ltr align-center para-style-body\"><span class=\"OYPEnA text-decoration-none text-strikethrough-none\">Blaturi de migdale &amp; vanilie de Madagascar<\/span><\/p>\n<p class=\"cvGsUA direction-ltr align-center para-style-body\"><span class=\"OYPEnA text-decoration-none text-strikethrough-none\">Blat dacquoise de cocos<\/span><\/p>\n<p class=\"cvGsUA direction-ltr align-center para-style-body\"><span class=\"OYPEnA text-decoration-none text-strikethrough-none\">Crem\u0103 de cocos , inser\u021bii de piure de mango &amp; piure de passionfruit<\/span><\/p>\n<p class=\"cvGsUA direction-ltr align-center para-style-body\"><span class=\"OYPEnA text-decoration-none text-strikethrough-none\">Top: vanilie de Madagascar<\/span><\/p>\n<p>&nbsp;<\/p>\n<h4><span><em>Cantitatea standard a fiec\u0103rui tort este de 1.6 kg.<\/em><\/span><\/h4>\n<h4><span><em>Decorul torturilor prezentate are caracter orientativ.<\/em><\/span><\/h4>\n<h4><span><em>A\u0219adar, din&nbsp;punct de vedere cromatic \u0219i al elementelor de decor, pot exista diferen\u021be.<\/em><\/span><\/h4>\n<p>&nbsp;<\/p>\n<p><strong><em>-Comenzile pentru torturi se plaseaz\u0103 cu cel pu\u021bin 48h \u00eenainte de livrare\/ridicare. <\/em><\/strong><\/p>\n<p><strong><em>-Pentru un interval mai scurt, sau comenzi urgente, v\u0103 rug\u0103m s\u0103 ne contacta\u021bi telefonic, la:0738021828. <\/em><\/strong><\/p>\n<p><strong><em>-Pentru comenzi de torturi cu decor personalizat, v\u0103 rug\u0103m s\u0103 plasa\u021bi comanda telefonic, sau whatsapp, la 0738021828, nu pe site.<\/em><\/strong><\/p>\n<p><strong><em>-Pentru decoruri personalizate, costurile sunt calculate \u00een func\u021bie de modelul dorit.<\/em><\/strong><\/p>\n<p><strong><em>-Torturile comandate prin intermediul siteului vor avea un decor standard, care poate combina macarons, flori, fructe, elemente de ciocolat\u0103.&nbsp;<\/em><\/strong><\/p>\n<p><strong><em>-Pentru alergii, v\u0103 rug\u0103m s\u0103 contacta\u021bi echipa noastr\u0103, la 0738-021-828. <\/em><\/strong><\/p>\n","protected":false},"excerpt":{"rendered":"<p>MANGO &amp; COCONUT 1,6 KG Blaturi de migdale &amp; vanilie de Madagascar Blat dacquoise de cocos Crem\u0103 de cocos , inser\u021bii de piure de mango &amp; piure de passionfruit Top: vanilie de Madagascar &nbsp; Cantitatea standard a fiec\u0103rui tort este de 1.6 kg. Decorul torturilor prezentate are caracter orientativ. A\u0219adar, din&nbsp;punct de vedere cromatic \u0219i&hellip;<\/p>\n","protected":false},"featured_media":3514,"template":"","meta":[],"product_brand":[],"product_cat":[15],"product_tag":[62],"class_list":{"0":"post-3667","1":"product","2":"type-product","3":"status-publish","4":"has-post-thumbnail","6":"product_cat-premium-cakes","7":"product_tag-racoritor","8":"description-off","10":"first","11":"instock","12":"taxable","13":"shipping-taxable","14":"purchasable","15":"product-type-simple"},"jetpack_sharing_enabled":true,"_links":{"self":[{"href":"https:\/\/lanadiniere.ro\/index.php\/wp-json\/wp\/v2\/product\/3667","targetHints":{"allow":["GET"]}}],"collection":[{"href":"https:\/\/lanadiniere.ro\/index.php\/wp-json\/wp\/v2\/product"}],"about":[{"href":"https:\/\/lanadiniere.ro\/index.php\/wp-json\/wp\/v2\/types\/product"}],"wp:featuredmedia":[{"embeddable":true,"href":"https:\/\/lanadiniere.ro\/index.php\/wp-json\/wp\/v2\/media\/3514"}],"wp:attachment":[{"href":"https:\/\/lanadiniere.ro\/index.php\/wp-json\/wp\/v2\/media?parent=3667"}],"wp:term":[{"taxonomy":"product_brand","embeddable":true,"href":"https:\/\/lanadiniere.ro\/index.php\/wp-json\/wp\/v2\/product_brand?post=3667"},{"taxonomy":"product_cat","embeddable":true,"href":"https:\/\/lanadiniere.ro\/index.php\/wp-json\/wp\/v2\/product_cat?post=3667"},{"taxonomy":"product_tag","embeddable":true,"href":"https:\/\/lanadiniere.ro\/index.php\/wp-json\/wp\/v2\/product_tag?post=3667"}],"curies":[{"name":"wp","href":"https:\/\/api.w.org\/{rel}","templated":true}]}}