{"id":3672,"date":"2023-11-08T14:21:39","date_gmt":"2023-11-08T12:21:39","guid":{"rendered":"https:\/\/lanadiniere.ro\/?post_type=product&#038;p=3672"},"modified":"2025-08-20T12:35:42","modified_gmt":"2025-08-20T10:35:42","slug":"vanilie-nocciola-15-kg","status":"publish","type":"product","link":"https:\/\/lanadiniere.ro\/index.php\/product\/vanilie-nocciola-15-kg\/","title":{"rendered":"VANILIE &amp; NOCCIOLA 1,6 KG\u00a0"},"content":{"rendered":"<p><strong>VANILIE &amp; NOCCIOLA 1,6 KG&nbsp;<\/strong><\/p>\n<p class=\"cvGsUA direction-ltr align-center para-style-body\"><span class=\"OYPEnA text-decoration-none text-strikethrough-none\">Blaturi de migdale &amp; vanilie de Madagascar<\/span><\/p>\n<p class=\"cvGsUA direction-ltr align-center para-style-body\"><span class=\"OYPEnA text-decoration-none text-strikethrough-none\">Blat de bezea dacquoise de alune de p\u0103dure<\/span><\/p>\n<p class=\"cvGsUA direction-ltr align-center para-style-body\"><span class=\"OYPEnA text-decoration-none text-strikethrough-none\">Crem\u0103 fin\u0103 de vanilie de Madagascar, alune de p\u0103dure pr\u0103jite<\/span><\/p>\n<p class=\"cvGsUA direction-ltr align-center para-style-body\"><span class=\"OYPEnA text-decoration-none text-strikethrough-none\">Crem\u0103 mousseline de alune de p\u0103dure, past\u0103 pur\u0103 de alune de p\u0103dure<\/span><\/p>\n<p class=\"cvGsUA direction-ltr align-center para-style-body\"><span class=\"OYPEnA text-decoration-none text-strikethrough-none\">Top: Crem\u0103 fin\u0103 Nocciola<\/span><\/p>\n<p>&nbsp;<\/p>\n<p><em>*Acest sortiment de tort se serve\u0219te la temperatura camerei.&nbsp;<\/em><\/p>\n<h4><span><em>Cantitatea standard a fiec\u0103rui tort este de 1.6 kg.<\/em><\/span><\/h4>\n<h4><span><em>Decorul torturilor prezentate are caracter orientativ.<\/em><\/span><\/h4>\n<h4><span><em>A\u0219adar, din&nbsp;punct de vedere cromatic \u0219i al elementelor de decor, pot exista diferen\u021be.<\/em><\/span><\/h4>\n<p>&nbsp;<\/p>\n<p><strong><em>-Comenzile pentru torturi se plaseaz\u0103 cu cel pu\u021bin 48h \u00eenainte de livrare\/ridicare. <\/em><\/strong><\/p>\n<p><strong><em>-Pentru un interval mai scurt, sau comenzi urgente, v\u0103 rug\u0103m s\u0103 ne contacta\u021bi telefonic, la:0738021828. <\/em><\/strong><\/p>\n<p><strong><em>-Pentru comenzi de torturi cu decor personalizat, v\u0103 rug\u0103m s\u0103 plasa\u021bi comanda telefonic, sau whatsapp, la 0738021828, nu pe site.<\/em><\/strong><\/p>\n<p><strong><em>-Pentru decoruri personalizate, costurile sunt calculate \u00een func\u021bie de modelul dorit.<\/em><\/strong><\/p>\n<p><strong><em>-Torturile comandate prin intermediul siteului vor avea un decor standard, care poate combina macarons, flori, fructe, elemente de ciocolat\u0103.&nbsp;<\/em><\/strong><\/p>\n<p><strong><em>-Pentru alergii, v\u0103 rug\u0103m s\u0103 contacta\u021bi echipa noastr\u0103, la 0738-021-828. <\/em><\/strong><\/p>\n<p>&nbsp;<\/p>\n","protected":false},"excerpt":{"rendered":"<p>VANILIE &amp; NOCCIOLA 1,6 KG&nbsp; Blaturi de migdale &amp; vanilie de Madagascar Blat de bezea dacquoise de alune de p\u0103dure Crem\u0103 fin\u0103 de vanilie de Madagascar, alune de p\u0103dure pr\u0103jite Crem\u0103 mousseline de alune de p\u0103dure, past\u0103 pur\u0103 de alune de p\u0103dure Top: Crem\u0103 fin\u0103 Nocciola &nbsp; *Acest sortiment de tort se serve\u0219te la temperatura&hellip;<\/p>\n","protected":false},"featured_media":3613,"template":"","meta":[],"product_brand":[],"product_cat":[15],"product_tag":[],"class_list":{"0":"post-3672","1":"product","2":"type-product","3":"status-publish","4":"has-post-thumbnail","6":"product_cat-premium-cakes","7":"description-off","9":"first","10":"instock","11":"taxable","12":"shipping-taxable","13":"purchasable","14":"product-type-simple"},"jetpack_sharing_enabled":true,"_links":{"self":[{"href":"https:\/\/lanadiniere.ro\/index.php\/wp-json\/wp\/v2\/product\/3672","targetHints":{"allow":["GET"]}}],"collection":[{"href":"https:\/\/lanadiniere.ro\/index.php\/wp-json\/wp\/v2\/product"}],"about":[{"href":"https:\/\/lanadiniere.ro\/index.php\/wp-json\/wp\/v2\/types\/product"}],"wp:featuredmedia":[{"embeddable":true,"href":"https:\/\/lanadiniere.ro\/index.php\/wp-json\/wp\/v2\/media\/3613"}],"wp:attachment":[{"href":"https:\/\/lanadiniere.ro\/index.php\/wp-json\/wp\/v2\/media?parent=3672"}],"wp:term":[{"taxonomy":"product_brand","embeddable":true,"href":"https:\/\/lanadiniere.ro\/index.php\/wp-json\/wp\/v2\/product_brand?post=3672"},{"taxonomy":"product_cat","embeddable":true,"href":"https:\/\/lanadiniere.ro\/index.php\/wp-json\/wp\/v2\/product_cat?post=3672"},{"taxonomy":"product_tag","embeddable":true,"href":"https:\/\/lanadiniere.ro\/index.php\/wp-json\/wp\/v2\/product_tag?post=3672"}],"curies":[{"name":"wp","href":"https:\/\/api.w.org\/{rel}","templated":true}]}}