{"id":7446,"date":"2025-06-13T11:28:06","date_gmt":"2025-06-13T09:28:06","guid":{"rendered":"https:\/\/lanadiniere.ro\/?post_type=product&#038;p=7446"},"modified":"2025-08-18T11:12:01","modified_gmt":"2025-08-18T09:12:01","slug":"tort-napoleon-fistic-zmeura-15-kg","status":"publish","type":"product","link":"https:\/\/lanadiniere.ro\/index.php\/product\/tort-napoleon-fistic-zmeura-15-kg\/","title":{"rendered":"TORT NAPOLEON FISTIC ZMEURA 1,5 KG"},"content":{"rendered":"<p>Foi de aluat fran\u021buzesc (foietaj)<\/p>\n<p>Cr\u00e8me p\u00e2tissi\u00e8re de fistic<\/p>\n<p>Insertii de compote de zmeura<\/p>\n<p>&nbsp;<\/p>\n<p>Cantitate standard 1,5 kg<\/p>\n<p>*Comenzile se plaseaz\u0103 cu cel putin 48h \u00een avans. Pentru comenzi urgente, va rug\u0103m s\u0103 ne contacta\u021bi telefonic la 0738 021 828.<\/p>\n","protected":false},"excerpt":{"rendered":"<p>Foi de aluat fran\u021buzesc (foietaj) Cr\u00e8me p\u00e2tissi\u00e8re de fistic Insertii de compote de zmeura &nbsp; Cantitate standard 1,5 kg *Comenzile se plaseaz\u0103 cu cel putin 48h \u00een avans. Pentru comenzi urgente, va rug\u0103m s\u0103 ne contacta\u021bi telefonic la 0738 021 828.<\/p>\n","protected":false},"featured_media":7447,"template":"","meta":[],"product_brand":[],"product_cat":[15],"product_tag":[],"class_list":{"0":"post-7446","1":"product","2":"type-product","3":"status-publish","4":"has-post-thumbnail","6":"product_cat-premium-cakes","7":"description-off","9":"first","10":"outofstock","11":"taxable","12":"shipping-taxable","13":"purchasable","14":"product-type-simple"},"jetpack_sharing_enabled":true,"_links":{"self":[{"href":"https:\/\/lanadiniere.ro\/index.php\/wp-json\/wp\/v2\/product\/7446","targetHints":{"allow":["GET"]}}],"collection":[{"href":"https:\/\/lanadiniere.ro\/index.php\/wp-json\/wp\/v2\/product"}],"about":[{"href":"https:\/\/lanadiniere.ro\/index.php\/wp-json\/wp\/v2\/types\/product"}],"wp:featuredmedia":[{"embeddable":true,"href":"https:\/\/lanadiniere.ro\/index.php\/wp-json\/wp\/v2\/media\/7447"}],"wp:attachment":[{"href":"https:\/\/lanadiniere.ro\/index.php\/wp-json\/wp\/v2\/media?parent=7446"}],"wp:term":[{"taxonomy":"product_brand","embeddable":true,"href":"https:\/\/lanadiniere.ro\/index.php\/wp-json\/wp\/v2\/product_brand?post=7446"},{"taxonomy":"product_cat","embeddable":true,"href":"https:\/\/lanadiniere.ro\/index.php\/wp-json\/wp\/v2\/product_cat?post=7446"},{"taxonomy":"product_tag","embeddable":true,"href":"https:\/\/lanadiniere.ro\/index.php\/wp-json\/wp\/v2\/product_tag?post=7446"}],"curies":[{"name":"wp","href":"https:\/\/api.w.org\/{rel}","templated":true}]}}