{"id":8164,"date":"2025-11-25T19:48:27","date_gmt":"2025-11-25T17:48:27","guid":{"rendered":"https:\/\/lanadiniere.ro\/?post_type=product&#038;p=8164"},"modified":"2026-04-14T07:17:08","modified_gmt":"2026-04-14T05:17:08","slug":"classic-easter-box-1-5-kg","status":"publish","type":"product","link":"https:\/\/lanadiniere.ro\/index.php\/product\/classic-easter-box-1-5-kg\/","title":{"rendered":"THE CLASSIC EASTER BOX 1.5 KG"},"content":{"rendered":"<p>Deserturi clasice reinterpretate cu fine\u021be, ambalate \u00eentr-o cutie elegant\u0103 ce poart\u0103 spiritul s\u0103rb\u0103torilor.<\/p>\n<h3><strong><em>*Aceasta cutie se poate comanda doar pentru 8,9,10,11 aprilie.&nbsp;<\/em><\/strong><\/h3>\n<p>Nadiniere Easter Box con\u021bine 6 sortimente diferite de pr\u0103jituri, &nbsp;perfecte pentru platourile favorite de pe masa festiv\u0103 .<\/p>\n<p>Cantitate: 1,5 kg (Se pot por\u021biona aprox. 60 buc\u0103\u021bele).<\/p>\n<p>Sortimentele sunt atent g\u00e2ndite s\u0103 combine o diversitate de gusturi, de la arome acri\u0219oare de vi\u0219ine ,p\u00e2n\u0103 la arome intense de nuci caramelizate \u0219i fistic, sau clasicele vanilie de Madagascar, ciocolat\u0103 belgian\u0103 sau cocos.<\/p>\n<p>&nbsp;<\/p>\n<p>\ud835\udc03\ud835\udc0e\ud835\udc01\ud835\udc0e\ud835\udc12 \ud835\udc02\ud835\udc0b\ud835\udc00\ud835\udc12\ud835\udc08\ud835\udc02<\/p>\n<p>Foi pufoase de vanilie de Madagascar \u0219i unt fran\u021buzesc Elle &amp; Vire<\/p>\n<p>Crem\u0103 fin\u0103 de ciocolat\u0103 belgian\u0103<\/p>\n<p>Glazur\u0103 de ciocolat\u0103 belgian\u0103 cu lapte<\/p>\n<p>&nbsp;<\/p>\n<p>\ud835\udc05\ud835\udc0e\ud835\udc08 \ud835\udc03\ud835\udc04 \ud835\udc05\ud835\udc08\ud835\udc12\ud835\udc13\ud835\udc08\ud835\udc02 \ud835\udc12\ud835\udc08 \ud835\udc19\ud835\udc0c\ud835\udc04\ud835\udc14\ud835\udc11\ud835\udc00<\/p>\n<p>Foi de bezea Dacquoise realizate cu f\u0103in\u0103 de fistic \u0219i past\u0103 pur\u0103 de fistic<br \/>\nCrem\u0103 fin\u0103 de fistic | past\u0103 pur\u0103 de fistic<br \/>\nCrem\u0103 fin\u0103 de br\u00e2nz\u0103 &amp; piure acri\u0219or de zmeur\u0103<\/p>\n<p>&nbsp;<\/p>\n<p>\ud835\udc00\ud835\udc0b\ud835\udc01 \ud835\udc03\ud835\udc04 \ud835\udc02\ud835\udc0e\ud835\udc02\ud835\udc0e\ud835\udc12<\/p>\n<p>Foi de bezea \u0219i cocos ,bogate \u00een unt Elle &amp; Vire<\/p>\n<p>Crem\u0103 fin\u0103 de cocos realizat\u0103 cu lapte de cocos, mascarpone \u0219i vanilie de Madagascar<\/p>\n<p>Glazur\u0103 fin\u0103 de ciocolat\u0103 alb\u0103 belgian\u0103 &amp; cocos<\/p>\n<p>&nbsp;<\/p>\n<p>\ud835\udc15\ud835\udc08\ud835\udc12 \ud835\udc03\ud835\udc04 \ud835\udc15\ud835\udc08\ud835\udc12\ud835\udc08\ud835\udc0d\ud835\udc04<\/p>\n<p>Foi pufoase de ciocolat\u0103 belgian\u0103, f\u0103r\u0103 f\u0103in\u0103, bogate \u00een unt Elle &amp; Vire<\/p>\n<p>Crem\u0103 fin\u0103 de vanilie pur\u0103 de Madagascar<\/p>\n<p>Reduc\u021bie de vi\u0219ine<\/p>\n<p>Glazur\u0103 de ciocolat\u0103 belgian\u0103<\/p>\n<p>*Acest sortiment este f\u0103r\u0103 gluten, \u00eens\u0103 poate exista risc de contaminare.<\/p>\n<p>&nbsp;<\/p>\n<p>\ud835\udc12\ud835\udc0d\ud835\udc08\ud835\udc02\ud835\udc0a\ud835\udc04\ud835\udc11\ud835\udc12<\/p>\n<p>Blat de bezea dacquoise realizat cu f\u0103in\u0103 de nuc\u0103<\/p>\n<p>Caramel de ciocolat\u0103<\/p>\n<p>Crem\u0103 fin\u0103 de ciocolat\u0103 alb\u0103<\/p>\n<p>Caramel toffe &amp; arahide crocante<\/p>\n<p>Alergeni: ou\u0103,lactoz\u0103,gluten,nuci,arahide<\/p>\n<p>&nbsp;<\/p>\n<p>\ud835\udc00\ud835\udc0b\ud835\udc01\ud835\udc08\ud835\udc0d\ud835\udc08\ud835\udc13\ud835\udc00<\/p>\n<p>Foi fragede de miere<\/p>\n<p>Crem\u0103 de vanilie de Madagascar<\/p>\n<p>Insertii acri\u0219oare de reduc\u021bie de caise &amp; fructul pasiunii<\/p>\n<p>&nbsp;<\/p>\n<p><strong>*Pentru a prelungi prospe\u021bimea sa, pr\u0103jitura nu este por\u021bionat\u0103 \u0219i vine sub forma unei singure buc\u0103\u021bi.&nbsp;<\/strong><\/p>\n<p><strong><em>*Pentru alergii, v\u0103 rug\u0103m s\u0103 contacta\u021bi echipa noastr\u0103, la 0738-021-828.<\/em><\/strong><\/p>\n","protected":false},"excerpt":{"rendered":"<p>Deserturi clasice reinterpretate cu fine\u021be, ambalate \u00eentr-o cutie elegant\u0103 ce poart\u0103 spiritul s\u0103rb\u0103torilor. *Aceasta cutie se poate comanda doar pentru 8,9,10,11 aprilie.&nbsp; Nadiniere Easter Box con\u021bine 6 sortimente diferite de pr\u0103jituri, &nbsp;perfecte pentru platourile favorite de pe masa festiv\u0103 . Cantitate: 1,5 kg (Se pot por\u021biona aprox. 60 buc\u0103\u021bele). Sortimentele sunt atent g\u00e2ndite s\u0103 combine&hellip;<\/p>\n","protected":false},"featured_media":8219,"template":"","meta":[],"product_brand":[],"product_cat":[111],"product_tag":[66,112],"class_list":{"0":"post-8164","1":"product","2":"type-product","3":"status-publish","4":"has-post-thumbnail","6":"product_cat-nadiniere-specialties","7":"product_tag-bestseller","8":"product_tag-classic","9":"description-off","11":"first","12":"outofstock","13":"taxable","14":"shipping-taxable","15":"purchasable","16":"product-type-simple"},"jetpack_sharing_enabled":true,"_links":{"self":[{"href":"https:\/\/lanadiniere.ro\/index.php\/wp-json\/wp\/v2\/product\/8164","targetHints":{"allow":["GET"]}}],"collection":[{"href":"https:\/\/lanadiniere.ro\/index.php\/wp-json\/wp\/v2\/product"}],"about":[{"href":"https:\/\/lanadiniere.ro\/index.php\/wp-json\/wp\/v2\/types\/product"}],"wp:featuredmedia":[{"embeddable":true,"href":"https:\/\/lanadiniere.ro\/index.php\/wp-json\/wp\/v2\/media\/8219"}],"wp:attachment":[{"href":"https:\/\/lanadiniere.ro\/index.php\/wp-json\/wp\/v2\/media?parent=8164"}],"wp:term":[{"taxonomy":"product_brand","embeddable":true,"href":"https:\/\/lanadiniere.ro\/index.php\/wp-json\/wp\/v2\/product_brand?post=8164"},{"taxonomy":"product_cat","embeddable":true,"href":"https:\/\/lanadiniere.ro\/index.php\/wp-json\/wp\/v2\/product_cat?post=8164"},{"taxonomy":"product_tag","embeddable":true,"href":"https:\/\/lanadiniere.ro\/index.php\/wp-json\/wp\/v2\/product_tag?post=8164"}],"curies":[{"name":"wp","href":"https:\/\/api.w.org\/{rel}","templated":true}]}}