{"id":8204,"date":"2025-11-28T12:15:37","date_gmt":"2025-11-28T10:15:37","guid":{"rendered":"https:\/\/lanadiniere.ro\/?post_type=product&#038;p=8204"},"modified":"2026-03-18T20:36:03","modified_gmt":"2026-03-18T18:36:03","slug":"saratele-cu-branzeturi-nobile-1-kg","status":"publish","type":"product","link":"https:\/\/lanadiniere.ro\/index.php\/product\/saratele-cu-branzeturi-nobile-1-kg\/","title":{"rendered":"S\u0102R\u0102\u021aELE CU BR\u00c2NZETURI NOBILE 1 KG"},"content":{"rendered":"<p><strong>Noul r\u0103sf\u0103\u021b Nadiniere: S\u0102R\u0102\u021aELE CU BR\u00c2NZETURI NOBILE DE COL\u021aE\u0218TI&nbsp;<\/strong><\/p>\n<p><em>Aceast\u0103 cutie con\u021bine 1 kg de s\u0103r\u0103\u021bele fragede cu br\u00e2nzeturi maturate de Col\u021be\u0219ti\/Torokoi&nbsp;speciale pentru mesele festive de s\u0103rb\u0103tori.&nbsp;<\/em><\/p>\n<p>Pentru c\u0103 iubim calitatea premium, iar fiecare ingredient joac\u0103 un rol special \u00een produsele noastre, folosim doar unt Elle &amp; Vire, br\u00e2nzeturi maturate de <em>Col\u021be\u0219ti\/Torokoi <\/em>&amp; parmigiano reggiano DOP.<\/p>\n<p>&nbsp;<\/p>\n","protected":false},"excerpt":{"rendered":"<p>Noul r\u0103sf\u0103\u021b Nadiniere: S\u0102R\u0102\u021aELE CU BR\u00c2NZETURI NOBILE DE COL\u021aE\u0218TI&nbsp; Aceast\u0103 cutie con\u021bine 1 kg de s\u0103r\u0103\u021bele fragede cu br\u00e2nzeturi maturate de Col\u021be\u0219ti\/Torokoi&nbsp;speciale pentru mesele festive de s\u0103rb\u0103tori.&nbsp; Pentru c\u0103 iubim calitatea premium, iar fiecare ingredient joac\u0103 un rol special \u00een produsele noastre, folosim doar unt Elle &amp; Vire, br\u00e2nzeturi maturate de Col\u021be\u0219ti\/Torokoi &amp; parmigiano reggiano&hellip;<\/p>\n","protected":false},"featured_media":5587,"template":"","meta":[],"product_brand":[],"product_cat":[111],"product_tag":[106],"class_list":{"0":"post-8204","1":"product","2":"type-product","3":"status-publish","4":"has-post-thumbnail","6":"product_cat-nadiniere-specialties","7":"product_tag-christmas-best-seller","8":"description-off","10":"first","11":"instock","12":"taxable","13":"shipping-taxable","14":"purchasable","15":"product-type-simple"},"jetpack_sharing_enabled":true,"_links":{"self":[{"href":"https:\/\/lanadiniere.ro\/index.php\/wp-json\/wp\/v2\/product\/8204","targetHints":{"allow":["GET"]}}],"collection":[{"href":"https:\/\/lanadiniere.ro\/index.php\/wp-json\/wp\/v2\/product"}],"about":[{"href":"https:\/\/lanadiniere.ro\/index.php\/wp-json\/wp\/v2\/types\/product"}],"wp:featuredmedia":[{"embeddable":true,"href":"https:\/\/lanadiniere.ro\/index.php\/wp-json\/wp\/v2\/media\/5587"}],"wp:attachment":[{"href":"https:\/\/lanadiniere.ro\/index.php\/wp-json\/wp\/v2\/media?parent=8204"}],"wp:term":[{"taxonomy":"product_brand","embeddable":true,"href":"https:\/\/lanadiniere.ro\/index.php\/wp-json\/wp\/v2\/product_brand?post=8204"},{"taxonomy":"product_cat","embeddable":true,"href":"https:\/\/lanadiniere.ro\/index.php\/wp-json\/wp\/v2\/product_cat?post=8204"},{"taxonomy":"product_tag","embeddable":true,"href":"https:\/\/lanadiniere.ro\/index.php\/wp-json\/wp\/v2\/product_tag?post=8204"}],"curies":[{"name":"wp","href":"https:\/\/api.w.org\/{rel}","templated":true}]}}