{"id":9316,"date":"2026-03-11T15:23:52","date_gmt":"2026-03-11T13:23:52","guid":{"rendered":"https:\/\/lanadiniere.ro\/?post_type=product&#038;p=9316"},"modified":"2026-03-11T15:47:58","modified_gmt":"2026-03-11T13:47:58","slug":"tort-amandina-premium-1-6-kg","status":"publish","type":"product","link":"https:\/\/lanadiniere.ro\/index.php\/product\/tort-amandina-premium-1-6-kg\/","title":{"rendered":"TORT AMANDINA PREMIUM 1.6 KG"},"content":{"rendered":"<p class=\"_04xlpA direction-ltr align-center para-style-body\"><strong>TORT AMANDIN\u0102 PREMIUM NADINIERE\u00a0<\/strong><\/p>\n<div class=\"page\" title=\"Page 6\">\n<div class=\"section\">\n<div class=\"layoutArea\">\n<div class=\"column\">\n<p>Blaturi de ciocolata\u0306 belgian\u0103, \u00eensiropate cu Rom Bumbu XO \u0219i vanilie de Madagascar<\/p>\n<p>Cremeux intens de ciocolat\u0103 belgian\u0103<\/p>\n<\/div>\n<\/div>\n<\/div>\n<\/div>\n<p>La cerere se poate ad\u0103uga reduc\u021bie de vi\u0219ine. (Se solicit\u0103 \u00een sec\u021biunea &#8222;not\u0103 comand\u0103&#8221;,\u00een check out).<\/p>\n<h4><em>Cantitatea standard a fiec\u0103rui tort este de 1.6 kg.<\/em><\/h4>\n<h4><em>Decorul torturilor prezentate are caracter orientativ.<\/em><\/h4>\n<h4><em>A\u0219adar, din\u00a0punct de vedere cromatic \u0219i al elementelor de decor, pot exista diferen\u021be.<\/em><\/h4>\n<p>&nbsp;<\/p>\n<p><strong><em>-Comenzile pentru torturi se plaseaz\u0103 cu cel pu\u021bin 48h \u00eenainte de livrare\/ridicare. <\/em><\/strong><\/p>\n<p><strong><em>-Pentru un interval mai scurt, sau comenzi urgente, v\u0103 rug\u0103m s\u0103 ne contacta\u021bi telefonic, la:0738021828. <\/em><\/strong><\/p>\n<p><strong><em>-Pentru comenzi de torturi cu decor personalizat, v\u0103 rug\u0103m s\u0103 plasa\u021bi comanda telefonic, sau whatsapp, la 0738021828, nu pe site.<\/em><\/strong><\/p>\n<p><strong><em>-Pentru decoruri personalizate, costurile sunt calculate \u00een func\u021bie de modelul dorit.<\/em><\/strong><\/p>\n<p><strong><em>-Torturile comandate prin intermediul siteului vor avea un decor standard, care poate combina macarons, flori, fructe, elemente de ciocolat\u0103.\u00a0<\/em><\/strong><\/p>\n<p><strong><em>-Pentru alergii, v\u0103 rug\u0103m s\u0103 contacta\u021bi echipa noastr\u0103, la 0738-021-828. <\/em><\/strong><\/p>\n<p>&nbsp;<\/p>\n","protected":false},"excerpt":{"rendered":"<p>TORT AMANDIN\u0102 PREMIUM NADINIERE\u00a0 Blaturi de ciocolata\u0306 belgian\u0103, \u00eensiropate cu Rom Bumbu XO \u0219i vanilie de Madagascar Cremeux intens de ciocolat\u0103 belgian\u0103 La cerere se poate ad\u0103uga reduc\u021bie de vi\u0219ine. (Se solicit\u0103 \u00een sec\u021biunea &#8222;not\u0103 comand\u0103&#8221;,\u00een check out). Cantitatea standard a fiec\u0103rui tort este de 1.6 kg. Decorul torturilor prezentate are caracter orientativ. A\u0219adar, din\u00a0punct&hellip;<\/p>\n","protected":false},"featured_media":9314,"template":"","meta":[],"product_brand":[],"product_cat":[15],"product_tag":[97],"class_list":{"0":"post-9316","1":"product","2":"type-product","3":"status-publish","4":"has-post-thumbnail","6":"product_cat-premium-cakes","7":"product_tag-new","8":"description-off","10":"first","11":"instock","12":"taxable","13":"shipping-taxable","14":"purchasable","15":"product-type-simple"},"jetpack_sharing_enabled":true,"_links":{"self":[{"href":"https:\/\/lanadiniere.ro\/index.php\/wp-json\/wp\/v2\/product\/9316","targetHints":{"allow":["GET"]}}],"collection":[{"href":"https:\/\/lanadiniere.ro\/index.php\/wp-json\/wp\/v2\/product"}],"about":[{"href":"https:\/\/lanadiniere.ro\/index.php\/wp-json\/wp\/v2\/types\/product"}],"wp:featuredmedia":[{"embeddable":true,"href":"https:\/\/lanadiniere.ro\/index.php\/wp-json\/wp\/v2\/media\/9314"}],"wp:attachment":[{"href":"https:\/\/lanadiniere.ro\/index.php\/wp-json\/wp\/v2\/media?parent=9316"}],"wp:term":[{"taxonomy":"product_brand","embeddable":true,"href":"https:\/\/lanadiniere.ro\/index.php\/wp-json\/wp\/v2\/product_brand?post=9316"},{"taxonomy":"product_cat","embeddable":true,"href":"https:\/\/lanadiniere.ro\/index.php\/wp-json\/wp\/v2\/product_cat?post=9316"},{"taxonomy":"product_tag","embeddable":true,"href":"https:\/\/lanadiniere.ro\/index.php\/wp-json\/wp\/v2\/product_tag?post=9316"}],"curies":[{"name":"wp","href":"https:\/\/api.w.org\/{rel}","templated":true}]}}