{"id":9339,"date":"2026-03-17T10:13:46","date_gmt":"2026-03-17T08:13:46","guid":{"rendered":"https:\/\/lanadiniere.ro\/?post_type=product&#038;p=9339"},"modified":"2026-03-17T10:27:36","modified_gmt":"2026-03-17T08:27:36","slug":"tort-marlenka-original-1-6-kg","status":"publish","type":"product","link":"https:\/\/lanadiniere.ro\/index.php\/product\/tort-marlenka-original-1-6-kg\/","title":{"rendered":"TORT MARLENKA ORIGINAL 1.6 KG"},"content":{"rendered":"<h3 data-start=\"343\" data-end=\"475\"><strong><em>Se poate comanda \u00eencep\u00e2nd cu 1.04.26<\/em><\/strong><\/h3>\n<p data-start=\"343\" data-end=\"475\">Tortul Marlenka este un desert cu suflet oriental \u0219i gust inconfundabil, inspirat din re\u021bete tradi\u021bionale armene\u0219ti. Se remarc\u0103 prin foi fine, fragede, preparate cu miere, care se \u00eembin\u0103 perfect cu o crem\u0103 delicat\u0103, catifelat\u0103, pe baz\u0103 de sm\u00e2nt\u00e2n\u0103, lapte condensat \u0219i unt.<\/p>\n<p data-start=\"343\" data-end=\"475\">Aici, la Nadiniere o \u00eembog\u0103\u021bim cu pralin\u0103 de nuc\u0103 pecan &amp; buc\u0103\u021bi crocante de krantz s\u0103rat.<\/p>\n<p><em>Foi fragede de miere &amp; unt Elle &amp; Vire<\/em><\/p>\n<p><em>Crem\u0103 fin\u0103 de <\/em><i>smantana \u00eendulcit\u0103 cu lapte condensat<\/i><\/p>\n<p><em>Pralin\u0103 de nuc\u0103 pecan &amp; Krantz usor s\u0103rat cu fulgi de sare de mare Maldon.\u00a0<\/em><\/p>\n<p>&nbsp;<\/p>\n<p>Cantitate: 1,6 kg<\/p>\n<p>Recomandat pentru 15-16 felii.<\/p>\n","protected":false},"excerpt":{"rendered":"<p>Se poate comanda \u00eencep\u00e2nd cu 1.04.26 Tortul Marlenka este un desert cu suflet oriental \u0219i gust inconfundabil, inspirat din re\u021bete tradi\u021bionale armene\u0219ti. Se remarc\u0103 prin foi fine, fragede, preparate cu miere, care se \u00eembin\u0103 perfect cu o crem\u0103 delicat\u0103, catifelat\u0103, pe baz\u0103 de sm\u00e2nt\u00e2n\u0103, lapte condensat \u0219i unt. Aici, la Nadiniere o \u00eembog\u0103\u021bim cu pralin\u0103&hellip;<\/p>\n","protected":false},"featured_media":9341,"template":"","meta":[],"product_brand":[],"product_cat":[111],"product_tag":[66,112],"class_list":{"0":"post-9339","1":"product","2":"type-product","3":"status-publish","4":"has-post-thumbnail","6":"product_cat-nadiniere-specialties","7":"product_tag-bestseller","8":"product_tag-classic","9":"description-off","11":"first","12":"instock","13":"taxable","14":"shipping-taxable","15":"purchasable","16":"product-type-simple"},"jetpack_sharing_enabled":true,"_links":{"self":[{"href":"https:\/\/lanadiniere.ro\/index.php\/wp-json\/wp\/v2\/product\/9339","targetHints":{"allow":["GET"]}}],"collection":[{"href":"https:\/\/lanadiniere.ro\/index.php\/wp-json\/wp\/v2\/product"}],"about":[{"href":"https:\/\/lanadiniere.ro\/index.php\/wp-json\/wp\/v2\/types\/product"}],"wp:featuredmedia":[{"embeddable":true,"href":"https:\/\/lanadiniere.ro\/index.php\/wp-json\/wp\/v2\/media\/9341"}],"wp:attachment":[{"href":"https:\/\/lanadiniere.ro\/index.php\/wp-json\/wp\/v2\/media?parent=9339"}],"wp:term":[{"taxonomy":"product_brand","embeddable":true,"href":"https:\/\/lanadiniere.ro\/index.php\/wp-json\/wp\/v2\/product_brand?post=9339"},{"taxonomy":"product_cat","embeddable":true,"href":"https:\/\/lanadiniere.ro\/index.php\/wp-json\/wp\/v2\/product_cat?post=9339"},{"taxonomy":"product_tag","embeddable":true,"href":"https:\/\/lanadiniere.ro\/index.php\/wp-json\/wp\/v2\/product_tag?post=9339"}],"curies":[{"name":"wp","href":"https:\/\/api.w.org\/{rel}","templated":true}]}}